{"id":1516,"date":"2025-04-09T11:31:13","date_gmt":"2025-04-09T09:31:13","guid":{"rendered":"https:\/\/www.lebenshilfe-leoben.at\/hinweisgeberschutz\/"},"modified":"2025-08-27T14:04:00","modified_gmt":"2025-08-27T12:04:00","slug":"hinweisgeberschutz","status":"publish","type":"page","link":"https:\/\/www.lebenshilfe-leoben.at\/ll\/hinweisgeberschutz\/","title":{"rendered":"Hinweisgeberschutz"},"content":{"rendered":"\t\t<div data-elementor-type=\"wp-page\" data-elementor-id=\"1516\" class=\"elementor elementor-1516 elementor-546\" data-elementor-post-type=\"page\">\n\t\t\t\t<div class=\"elementor-element elementor-element-6cea28e e-flex e-con-boxed e-con e-parent\" data-id=\"6cea28e\" data-element_type=\"container\" data-e-type=\"container\">\n\t\t\t\t\t<div class=\"e-con-inner\">\n\t\t<div class=\"elementor-element elementor-element-961b039 e-con-full e-flex e-con e-child\" data-id=\"961b039\" data-element_type=\"container\" data-e-type=\"container\">\n\t\t\t\t<div class=\"elementor-element elementor-element-bad10ce elementor-widget-mobile__width-inherit elementor-widget elementor-widget-heading\" data-id=\"bad10ce\" data-element_type=\"widget\" data-e-type=\"widget\" data-widget_type=\"heading.default\">\n\t\t\t\t<div class=\"elementor-widget-container\">\n\t\t\t\t\t<div class=\"elementor-heading-title elementor-size-default\">Lebenshilfe Leoben<\/div>\t\t\t\t<\/div>\n\t\t\t\t<\/div>\n\t\t\t\t<div class=\"elementor-element elementor-element-953a6ce elementor-widget__width-inherit elementor-widget-mobile__width-inherit elementor-widget elementor-widget-heading\" data-id=\"953a6ce\" data-element_type=\"widget\" data-e-type=\"widget\" data-widget_type=\"heading.default\">\n\t\t\t\t<div class=\"elementor-widget-container\">\n\t\t\t\t\t<h1 class=\"elementor-heading-title elementor-size-default\">Hinweisgeber\u00adschutz.<\/h1>\t\t\t\t<\/div>\n\t\t\t\t<\/div>\n\t\t\t\t<div class=\"elementor-element elementor-element-d588ed8 elementor-widget elementor-widget-text-editor\" data-id=\"d588ed8\" data-element_type=\"widget\" data-e-type=\"widget\" data-widget_type=\"text-editor.default\">\n\t\t\t\t<div class=\"elementor-widget-container\">\n\t\t\t\t\t\t\t\t\t<h2 class=\"p1\">Meldung von Verst\u00f6\u00dfen gegen EU-Recht. Wir \u00fcbernehmen Verantwortung. <\/h2><p class=\"p3\">Nach der Richtlinie (EU) 2019\/1937 des Europ\u00e4ischen Parlaments und des Rates vom 23. Oktober 2019 zum Schutz von Personen, die Verst\u00f6\u00dfe gegen das Unionsrecht melden (in der Folge kurz: \u201eRichtlinie&#8221;) sowie dem Bundesgesetz \u00fcber das Verfahren und den Schutz bei Hinweisen auf Rechtsverletzungen in bestimmten Rechtsbereichen (HinweisgeberInnenschutzgesetz &#8211; HSchG) soll sichergestellt werden, dass Verst\u00f6\u00dfe gegen EU-Rechtsvorschriften einfach, sicher und vertraulich gemeldet werden k\u00f6nnen.<\/p><p class=\"p3\">\u00d6ffentliche und private Organisationen haben zu diesem Zweck ein internes Hinweisgebersystem einzurichten, eingehende Hinweise zu \u00fcberpr\u00fcfen und gegebenenfalls die notwendigen Ma\u00dfnahmen zu ergreifen.<\/p><p class=\"p3\"><strong>Wir haben das HSchG umgesetzt und informieren Sie im Folgenden \u00fcber wichtige Aspekte unseres internen Hinweisgebersystems.<\/strong><\/p><p class=\"p3\"> <\/p><h3 class=\"p4\"><b>Wer kann unser internes Hinweisgebersystem nutzen?<\/b><\/h3><p class=\"p3\">Das HSchG sieht vor, dass alle Personen Verst\u00f6\u00dfe gegen EU-Recht melden k\u00f6nnen, die <span class=\"s2\">f\u00fcr uns arbeiten<\/span> oder <span class=\"s2\">im Rahmen ihrer beruflichen T\u00e4tigkeit in Verbindung mit uns<\/span> stehen. Insbesondere k\u00f6nnen dies sein: <\/p><ul class=\"ul1\"><li class=\"li4\">Arbeitnehmer*innen<\/li><li class=\"li4\">Bewerber*innen<\/li><li class=\"li4\">Praktikant*innen, Zivildiener und Absolvent*innen eines Freiwilligen Sozialjahrs<\/li><li class=\"li4\">Lieferant*innen sowie Gesch\u00e4fts- und Systempartner*innen<\/li><li class=\"li4\">Selbst\u00e4ndig erwerbst\u00e4tige Personen, die f\u00fcr uns t\u00e4tig werden<\/li><li class=\"li4\">Mitglieder von Verwaltungs-, Leitungs- oder Aufsichtsorganen<\/li><\/ul><h3 class=\"p4\"><b>Auf welche Themen kann sich ein Hinweis beziehen?<\/b><\/h3><p class=\"p3\">Das HSchG gilt f\u00fcr Hinweise \u00fcber m\u00f6gliche Verst\u00f6\u00dfe gegen EU-Recht. Die in Betracht kommenden Rechtsvorschriften der Europ\u00e4ischen Union werden in \u00a7 3 Absatz 3 HSchG aufgelistet. Die wichtigsten Bereiche sind:  <\/p><ul class=\"ul1\"><li class=\"li4\">Produktsicherheit und -konformit\u00e4t<\/li><li class=\"li4\">Verkehrssicherheit<\/li><li class=\"li4\">Umweltschutz<\/li><li class=\"li4\">Lebensmittelsicherheit<\/li><li class=\"li4\">\u00d6ffentliche Gesundheit<\/li><li class=\"li4\">Verbraucherschutz<\/li><li class=\"li3\">Schutz der Privatsph\u00e4re und personenbezogener Daten sowie Sicherheit von Netz- und Informationssystemen<\/li><li class=\"li4\">Verst\u00f6\u00dfe gegen finanzielle Aspekte der EU (Betrugsbek\u00e4mpfung)<\/li><li class=\"li4\">Verst\u00f6\u00dfe gegen staatliches Beihilfenrecht<\/li><\/ul><p class=\"p4\">Eine vollst\u00e4ndige Auflistung der in Betracht kommenden Rechtsvorschriften finden Sie unter folgendem Link: <a href=\"https:\/\/www.ris.bka.gv.at\/GeltendeFassung.wxe?Abfrage=Bundesnormen&amp;Gesetzesnummer=20012184\" target=\"_blank\" rel=\"noopener noreferrer\"><span class=\"s4\">HIER KLICKEN<\/span><\/a><\/p><h3 class=\"p4\"><b>Was passiert mit Hinweisen, die Themen au\u00dferhalb des Anwendungsbereiches des HSchG betreffen oder von Personen erstattet werden, die nicht in einer beruflichen Verbindung zu uns stehen?<\/b><\/h3><p class=\"p3\">Der transparente, offene und vertrauliche Umgang mit Kritik und Beschwerden ist uns ein zentrales Anliegen. Wir \u00fcbernehmen damit soziale und gesellschaftliche Verantwortung. Selbstverst\u00e4ndlich werden wir daher auch Hinweise bearbeiten, die keine ma\u00dfgeblichen Rechtsvorschriften der Europ\u00e4ischen Union betreffen oder von Personen eingebracht werden, die nicht in beruflicher Verbindung zu uns stehen. Unsere internen Richtlinien sehen daf\u00fcr ein eigenes Beschwerdemanagement vor, das sich in der Praxis bew\u00e4hrt hat.   <\/p><h3 class=\"p4\"><b>Wie k\u00f6nnen Sie unser internes Hinweisgebersystem benutzen?<\/b><\/h3><p class=\"p3\">Wir haben eine sichere Online-Formularanwendung eingerichtet, \u00fcber die Hinweise entweder personenbezogen (unter Anf\u00fchrung von Name und Kontaktdaten) oder anonym erstattet werden k\u00f6nnen. Auch das \u00dcbermitteln von Dateianh\u00e4ngen ist m\u00f6glich. In der Formularanwendung m\u00fcssen Sie verpflichtend anf\u00fchren, auf welche Institution sich Ihr Hinweis bezieht. <span class=\"s2\"><b>Bitte f\u00fchren Sie hier den exakten Wortlaut unserer Institution<\/b><\/span> <span class=\"s5\">[Lebenshilfe Leoben gemeinn\u00fctzige Betriebs GmbH]<\/span> an.  <\/p><p class=\"p3\">Ob Sie einen Hinweis personenbezogen oder anonym erstatten wollen, entscheiden Sie selbst. Abh\u00e4ngig von Ihrer Auswahl sieht unsere Online-Formularanwendung ein entsprechendes Verfahren vor. <\/p><h3 class=\"p4\"><b>16-stelliger Zahlencode<\/b><\/h3><p class=\"p3\">In jedem Fall (d.h. unabh\u00e4ngig davon, ob Sie den<span class=\"Apple-converted-space\">  <\/span>Hinweis personenbezogen oder anonym einbringen), erhalten Sie nach Erstattung Ihres Hinweises automatisch und einmalig einen nach dem Zufallsprinzip generierten 16-stelligen Zahlencode. Damit k\u00f6nnen Sie sich im Hinweisgebersystem einloggen und den aktuellen Bearbeitungsstatus Ihres Hinweises pr\u00fcfen. <\/p><p class=\"p3\">Dar\u00fcber hinaus k\u00f6nnen Sie nach dem Einloggen mit uns per Chat kommunizieren, etwa wenn Sie Angaben pr\u00e4zisieren oder berichtigen wollen.<\/p><p class=\"p3\">Wenn Sie den Hinweis anonym einbringen, bleibt selbstverst\u00e4ndlich auch Ihr Login und Ihre Kommunikation per Chat zu jedem Zeitpunkt anonym.<\/p><p class=\"p3\">Wir empfehlen, den 16-stelligen Zahlencode schriftlich zu notieren, abzufotografieren oder mittels \u201ecopy\/paste\u201c Funktion digital zu speichern. Beachten Sie, dass der 16-stellige Zahlencode im Fall des Verlustes aus Sicherheitsgr\u00fcnden nicht mehr wiederhergestellt werden kann und ein (weiterer) Login damit nicht mehr m\u00f6glich ist. Wenn Sie einen Hinweis anonym einbringen und Ihr 16-stelliger Zahlencode verloren geht, wird daher keine Kommunikation mehr mit uns m\u00f6glich sein.  <\/p><p class=\"p3\">Beachten Sie weiters, dass der 16-stellige Zahlencode keinen unbefugten Personen gegen\u00fcber offen gelegt wird. F\u00fcr eine missbr\u00e4uchliche Verwendung sowie die gewollte oder ungewollte Offenlegung des 16-stelligen Zahlencodes gegen\u00fcber Dritten, wird von uns und seitens des Betreibers des Hinweisgebersystems jedwede Haftung ausdr\u00fccklich ausgeschlossen. <\/p><h3 class=\"p4\"><b>Was passiert, wenn Sie einen Hinweis einbringen?<\/b><\/h3><p class=\"p3\">Wenn Sie einen Hinweis einbringen (personenbezogen unter Anf\u00fchrung von Name und Kontaktdaten oder anonym ohne Angabe von Kontaktdaten), werden wir Ihnen den Eingang des Hinweises binnen einer Frist von l\u00e4ngstens sieben Tagen best\u00e4tigen, den Hinweis intern pr\u00fcfen und Sie binnen einer Frist von l\u00e4ngstens drei Monaten \u00fcber die Ergebnisse dieser Pr\u00fcfung und die von uns gegebenenfalls getroffenen Ma\u00dfnahmen informieren. Bei Bedarf, etwa zur Pr\u00e4zisierung Ihrer Angaben, k\u00f6nnen wir auch in Verbindung mit Ihnen treten. Die Kontaktaufnahme erfolgt entweder \u00fcber die von Ihnen angef\u00fchrten Kontaktdaten oder im Fall einer anonymen Meldung \u00fcber die Chatfunktion im Hinweisgebersystem.  <\/p><p class=\"p3\">Zu Ihrem Schutz sieht das HSchG umfassende Ma\u00dfnahmen vor, die insbesondere gew\u00e4hrleisten sollen, dass Ihre Identit\u00e4t vertraulich bleibt. Wir ergreifen alle technischen und organisatorischen Ma\u00dfnahmen, die notwendig sind, um diese Schutzma\u00dfnahmen zu erf\u00fcllen. <\/p><h3 class=\"p4\"><b>Information gem\u00e4\u00df Artikel 13 Datenschutz-Grundverordnung<\/b><\/h3><p class=\"p4\">Wenn Sie eine Meldung \u00fcber unser internes Hinweisgebersystem einbringen, werden die von Ihnen zur Verf\u00fcgung gestellten personenbezogenen Daten (insbesondere auch der Klartext, auf den sich der Hinweis bezieht und allenfalls \u00fcbermittelte Dateianh\u00e4nge) von uns zum Zweck der internen Pr\u00fcfung des Hinweises und zur Ergreifung allenfalls notwendiger Ma\u00dfnahmen verarbeitet. Dabei st\u00fctzen wir uns auf die Richtlinie (EU) 2019\/1937 des Europ\u00e4ischen Parlaments und des Rates vom 23. Oktober 2019 zum Schutz von Personen, die Verst\u00f6\u00dfe gegen das Unionsrecht melden sowie dem Bundesgesetz \u00fcber das Verfahren und den Schutz bei Hinweisen auf Rechtsverletzungen in bestimmten Rechtsbereichen (HinweisgeberInnenschutzgesetz &#8211; HSchG). <\/p><p class=\"p4\">Personenbezogene Daten werden nicht an Dritte weitergeleitet. Ausnahmen davon bestehen nur dann, wenn wir gesetzlich dazu berechtigt oder verpflichtet sind (z.B. Erstattung einer Anzeige an die zust\u00e4ndigen Strafverfolgungsbeh\u00f6rden, wenn unsere interne \u00dcberpr\u00fcfung des Hinweises den Verdacht einer strafbaren Handlung best\u00e4tigt), wir im Rahmen der Zurverf\u00fcgungstellung der Online-Formularanwendung externe Dienstleister beiziehen, mit denen wir einen Vertrag \u00fcber die Auftragsverarbeitung gem\u00e4\u00df Artikel 28 Datenschutz-Grundverordnung abgeschlossen haben, oder Sie uns im Vorfeld Ihre Einwilligung dazu erkl\u00e4ren. <\/p><p class=\"p4\">Personenbezogene Daten werden nur so lange verarbeitet und gespeichert, wie dies f\u00fcr die oben angef\u00fchrten Zwecke erforderlich ist. Aufgrund von gesetzlichen Dokumentations- und Aufbewahrungspflichten kann sich eine l\u00e4ngere Speicherdauer ergeben. Nach Ablauf entsprechender Fristen werden Ihre personenbezogenen Daten gel\u00f6scht, sofern nach der Datenschutz-Grundverordnung keine andere Rechtsgrundlage f\u00fcr eine l\u00e4nger andauernde Speicherung mehr besteht.  <\/p><p class=\"p5\">Weitere Informationen \u00fcber unseren Datenschutz und \u00fcber Ihre Rechte nach der Datenschutz-Grundverordnung finden Sie hier: <a href=\"https:\/\/www.lebenshilfe-leoben.at\/datenschutz\">Datenschutzerkl\u00e4rung<\/a><\/p><p class=\"p2\"> <\/p><h3 class=\"p4\"><b>Unser internes Meldesystem<\/b><\/h3><p class=\"p4\">Hier k\u00f6nnen Meldungen von Verst\u00f6\u00dfen gegen EU-Recht eingebracht werden:<\/p><p class=\"p6\"><span class=\"s2\"><a href=\"https:\/\/hinweisgeberschutz.at\/\" target=\"_blank\" rel=\"noopener noreferrer\"><b>Online-Formularanwendung<\/b><\/a><\/span><\/p>\t\t\t\t\t\t\t\t<\/div>\n\t\t\t\t<\/div>\n\t\t\t\t<\/div>\n\t\t\t\t\t<\/div>\n\t\t\t\t<\/div>\n\t\t\t\t<\/div>\n\t\t","protected":false},"excerpt":{"rendered":"<p>Lebenshilfe Leoben Hinweisgeber\u00adschutz. Meldung von Verst\u00f6\u00dfen gegen EU-Recht. Wir \u00fcbernehmen Verantwortung. Nach der Richtlinie (EU) 2019\/1937 des Europ\u00e4ischen Parlaments und des Rates vom 23. Oktober 2019 zum Schutz von Personen, die Verst\u00f6\u00dfe gegen das Unionsrecht melden (in der Folge kurz: \u201eRichtlinie&#8221;) sowie dem Bundesgesetz \u00fcber das Verfahren und den Schutz bei Hinweisen auf Rechtsverletzungen in [&hellip;]<\/p>\n","protected":false},"author":1,"featured_media":0,"parent":0,"menu_order":0,"comment_status":"closed","ping_status":"closed","template":"","meta":{"_acf_changed":false,"inline_featured_image":false,"footnotes":""},"class_list":["post-1516","page","type-page","status-publish","hentry"],"acf":[],"yoast_head":"<!-- This site is optimized with the Yoast SEO plugin v27.5 - https:\/\/yoast.com\/product\/yoast-seo-wordpress\/ -->\n<title>Hinweisgeberschutz - Lebenshilfe Leoben<\/title>\n<meta name=\"robots\" content=\"index, follow, max-snippet:-1, max-image-preview:large, max-video-preview:-1\" \/>\n<link rel=\"canonical\" href=\"https:\/\/www.lebenshilfe-leoben.at\/ll\/hinweisgeberschutz\/\" \/>\n<meta property=\"og:locale\" content=\"de_DE\" \/>\n<meta property=\"og:type\" content=\"article\" \/>\n<meta property=\"og:title\" content=\"Hinweisgeberschutz - Lebenshilfe Leoben\" \/>\n<meta property=\"og:description\" content=\"Lebenshilfe Leoben Hinweisgeber\u00adschutz. Meldung von Verst\u00f6\u00dfen gegen EU-Recht. Wir \u00fcbernehmen Verantwortung. Nach der Richtlinie (EU) 2019\/1937 des Europ\u00e4ischen Parlaments und des Rates vom 23. Oktober 2019 zum Schutz von Personen, die Verst\u00f6\u00dfe gegen das Unionsrecht melden (in der Folge kurz: \u201eRichtlinie&#8221;) sowie dem Bundesgesetz \u00fcber das Verfahren und den Schutz bei Hinweisen auf Rechtsverletzungen in [&hellip;]\" \/>\n<meta property=\"og:url\" content=\"https:\/\/www.lebenshilfe-leoben.at\/ll\/hinweisgeberschutz\/\" \/>\n<meta property=\"og:site_name\" content=\"Lebenshilfe Leoben\" \/>\n<meta property=\"article:publisher\" content=\"https:\/\/www.facebook.com\/lebenshilfeleoben\/\" \/>\n<meta property=\"article:modified_time\" content=\"2025-08-27T12:04:00+00:00\" \/>\n<meta name=\"twitter:card\" content=\"summary_large_image\" \/>\n<meta name=\"twitter:label1\" content=\"Est. reading time\" \/>\n\t<meta name=\"twitter:data1\" content=\"6 minutes\" \/>\n<script type=\"application\/ld+json\" class=\"yoast-schema-graph\">{\"@context\":\"https:\\\/\\\/schema.org\",\"@graph\":[{\"@type\":\"WebPage\",\"@id\":\"https:\\\/\\\/www.lebenshilfe-leoben.at\\\/ll\\\/hinweisgeberschutz\\\/\",\"url\":\"https:\\\/\\\/www.lebenshilfe-leoben.at\\\/ll\\\/hinweisgeberschutz\\\/\",\"name\":\"Hinweisgeberschutz - Lebenshilfe Leoben\",\"isPartOf\":{\"@id\":\"https:\\\/\\\/www.lebenshilfe-leoben.at\\\/ll\\\/#website\"},\"datePublished\":\"2025-04-09T09:31:13+00:00\",\"dateModified\":\"2025-08-27T12:04:00+00:00\",\"breadcrumb\":{\"@id\":\"https:\\\/\\\/www.lebenshilfe-leoben.at\\\/ll\\\/hinweisgeberschutz\\\/#breadcrumb\"},\"inLanguage\":\"de-ll\",\"potentialAction\":[{\"@type\":\"ReadAction\",\"target\":[\"https:\\\/\\\/www.lebenshilfe-leoben.at\\\/ll\\\/hinweisgeberschutz\\\/\"]}]},{\"@type\":\"BreadcrumbList\",\"@id\":\"https:\\\/\\\/www.lebenshilfe-leoben.at\\\/ll\\\/hinweisgeberschutz\\\/#breadcrumb\",\"itemListElement\":[{\"@type\":\"ListItem\",\"position\":1,\"name\":\"Startseite\",\"item\":\"https:\\\/\\\/www.lebenshilfe-leoben.at\\\/ll\\\/home\\\/\"},{\"@type\":\"ListItem\",\"position\":2,\"name\":\"Hinweisgeberschutz\"}]},{\"@type\":\"WebSite\",\"@id\":\"https:\\\/\\\/www.lebenshilfe-leoben.at\\\/ll\\\/#website\",\"url\":\"https:\\\/\\\/www.lebenshilfe-leoben.at\\\/ll\\\/\",\"name\":\"Lebenshilfe Leoben\",\"description\":\"\",\"publisher\":{\"@id\":\"https:\\\/\\\/www.lebenshilfe-leoben.at\\\/ll\\\/#organization\"},\"potentialAction\":[{\"@type\":\"SearchAction\",\"target\":{\"@type\":\"EntryPoint\",\"urlTemplate\":\"https:\\\/\\\/www.lebenshilfe-leoben.at\\\/ll\\\/?s={search_term_string}\"},\"query-input\":{\"@type\":\"PropertyValueSpecification\",\"valueRequired\":true,\"valueName\":\"search_term_string\"}}],\"inLanguage\":\"de-ll\"},{\"@type\":\"Organization\",\"@id\":\"https:\\\/\\\/www.lebenshilfe-leoben.at\\\/ll\\\/#organization\",\"name\":\"Lebenshilfe Leoben\",\"url\":\"https:\\\/\\\/www.lebenshilfe-leoben.at\\\/ll\\\/\",\"logo\":{\"@type\":\"ImageObject\",\"inLanguage\":\"de-ll\",\"@id\":\"https:\\\/\\\/www.lebenshilfe-leoben.at\\\/ll\\\/#\\\/schema\\\/logo\\\/image\\\/\",\"url\":\"https:\\\/\\\/www.lebenshilfe-leoben.at\\\/wp-content\\\/uploads\\\/2025\\\/04\\\/logo_lebenshilfe-leoben.svg\",\"contentUrl\":\"https:\\\/\\\/www.lebenshilfe-leoben.at\\\/wp-content\\\/uploads\\\/2025\\\/04\\\/logo_lebenshilfe-leoben.svg\",\"width\":308,\"height\":80,\"caption\":\"Lebenshilfe Leoben\"},\"image\":{\"@id\":\"https:\\\/\\\/www.lebenshilfe-leoben.at\\\/ll\\\/#\\\/schema\\\/logo\\\/image\\\/\"},\"sameAs\":[\"https:\\\/\\\/www.facebook.com\\\/lebenshilfeleoben\\\/\",\"https:\\\/\\\/www.instagram.com\\\/lebenshilfeleoben\\\/\"]}]}<\/script>\n<!-- \/ Yoast SEO plugin. -->","yoast_head_json":{"title":"Hinweisgeberschutz - Lebenshilfe Leoben","robots":{"index":"index","follow":"follow","max-snippet":"max-snippet:-1","max-image-preview":"max-image-preview:large","max-video-preview":"max-video-preview:-1"},"canonical":"https:\/\/www.lebenshilfe-leoben.at\/ll\/hinweisgeberschutz\/","og_locale":"de_DE","og_type":"article","og_title":"Hinweisgeberschutz - Lebenshilfe Leoben","og_description":"Lebenshilfe Leoben Hinweisgeber\u00adschutz. Meldung von Verst\u00f6\u00dfen gegen EU-Recht. Wir \u00fcbernehmen Verantwortung. Nach der Richtlinie (EU) 2019\/1937 des Europ\u00e4ischen Parlaments und des Rates vom 23. Oktober 2019 zum Schutz von Personen, die Verst\u00f6\u00dfe gegen das Unionsrecht melden (in der Folge kurz: \u201eRichtlinie&#8221;) sowie dem Bundesgesetz \u00fcber das Verfahren und den Schutz bei Hinweisen auf Rechtsverletzungen in [&hellip;]","og_url":"https:\/\/www.lebenshilfe-leoben.at\/ll\/hinweisgeberschutz\/","og_site_name":"Lebenshilfe Leoben","article_publisher":"https:\/\/www.facebook.com\/lebenshilfeleoben\/","article_modified_time":"2025-08-27T12:04:00+00:00","twitter_card":"summary_large_image","twitter_misc":{"Est. reading time":"6 minutes"},"schema":{"@context":"https:\/\/schema.org","@graph":[{"@type":"WebPage","@id":"https:\/\/www.lebenshilfe-leoben.at\/ll\/hinweisgeberschutz\/","url":"https:\/\/www.lebenshilfe-leoben.at\/ll\/hinweisgeberschutz\/","name":"Hinweisgeberschutz - Lebenshilfe Leoben","isPartOf":{"@id":"https:\/\/www.lebenshilfe-leoben.at\/ll\/#website"},"datePublished":"2025-04-09T09:31:13+00:00","dateModified":"2025-08-27T12:04:00+00:00","breadcrumb":{"@id":"https:\/\/www.lebenshilfe-leoben.at\/ll\/hinweisgeberschutz\/#breadcrumb"},"inLanguage":"de-ll","potentialAction":[{"@type":"ReadAction","target":["https:\/\/www.lebenshilfe-leoben.at\/ll\/hinweisgeberschutz\/"]}]},{"@type":"BreadcrumbList","@id":"https:\/\/www.lebenshilfe-leoben.at\/ll\/hinweisgeberschutz\/#breadcrumb","itemListElement":[{"@type":"ListItem","position":1,"name":"Startseite","item":"https:\/\/www.lebenshilfe-leoben.at\/ll\/home\/"},{"@type":"ListItem","position":2,"name":"Hinweisgeberschutz"}]},{"@type":"WebSite","@id":"https:\/\/www.lebenshilfe-leoben.at\/ll\/#website","url":"https:\/\/www.lebenshilfe-leoben.at\/ll\/","name":"Lebenshilfe Leoben","description":"","publisher":{"@id":"https:\/\/www.lebenshilfe-leoben.at\/ll\/#organization"},"potentialAction":[{"@type":"SearchAction","target":{"@type":"EntryPoint","urlTemplate":"https:\/\/www.lebenshilfe-leoben.at\/ll\/?s={search_term_string}"},"query-input":{"@type":"PropertyValueSpecification","valueRequired":true,"valueName":"search_term_string"}}],"inLanguage":"de-ll"},{"@type":"Organization","@id":"https:\/\/www.lebenshilfe-leoben.at\/ll\/#organization","name":"Lebenshilfe Leoben","url":"https:\/\/www.lebenshilfe-leoben.at\/ll\/","logo":{"@type":"ImageObject","inLanguage":"de-ll","@id":"https:\/\/www.lebenshilfe-leoben.at\/ll\/#\/schema\/logo\/image\/","url":"https:\/\/www.lebenshilfe-leoben.at\/wp-content\/uploads\/2025\/04\/logo_lebenshilfe-leoben.svg","contentUrl":"https:\/\/www.lebenshilfe-leoben.at\/wp-content\/uploads\/2025\/04\/logo_lebenshilfe-leoben.svg","width":308,"height":80,"caption":"Lebenshilfe Leoben"},"image":{"@id":"https:\/\/www.lebenshilfe-leoben.at\/ll\/#\/schema\/logo\/image\/"},"sameAs":["https:\/\/www.facebook.com\/lebenshilfeleoben\/","https:\/\/www.instagram.com\/lebenshilfeleoben\/"]}]}},"_links":{"self":[{"href":"https:\/\/www.lebenshilfe-leoben.at\/ll\/wp-json\/wp\/v2\/pages\/1516","targetHints":{"allow":["GET"]}}],"collection":[{"href":"https:\/\/www.lebenshilfe-leoben.at\/ll\/wp-json\/wp\/v2\/pages"}],"about":[{"href":"https:\/\/www.lebenshilfe-leoben.at\/ll\/wp-json\/wp\/v2\/types\/page"}],"author":[{"embeddable":true,"href":"https:\/\/www.lebenshilfe-leoben.at\/ll\/wp-json\/wp\/v2\/users\/1"}],"replies":[{"embeddable":true,"href":"https:\/\/www.lebenshilfe-leoben.at\/ll\/wp-json\/wp\/v2\/comments?post=1516"}],"version-history":[{"count":0,"href":"https:\/\/www.lebenshilfe-leoben.at\/ll\/wp-json\/wp\/v2\/pages\/1516\/revisions"}],"wp:attachment":[{"href":"https:\/\/www.lebenshilfe-leoben.at\/ll\/wp-json\/wp\/v2\/media?parent=1516"}],"curies":[{"name":"wp","href":"https:\/\/api.w.org\/{rel}","templated":true}]}}