{"id":1528,"date":"2025-04-14T10:26:37","date_gmt":"2025-04-14T08:26:37","guid":{"rendered":"https:\/\/www.lebenshilfe-leoben.at\/praktikum\/"},"modified":"2025-08-27T14:04:47","modified_gmt":"2025-08-27T12:04:47","slug":"praktikum","status":"publish","type":"page","link":"https:\/\/www.lebenshilfe-leoben.at\/ll\/praktikum\/","title":{"rendered":"Praktikum"},"content":{"rendered":"\t\t<div data-elementor-type=\"wp-page\" data-elementor-id=\"1528\" class=\"elementor elementor-1528 elementor-714\" data-elementor-post-type=\"page\">\n\t\t\t\t<div class=\"elementor-element elementor-element-975f569 e-flex e-con-boxed e-con e-parent\" data-id=\"975f569\" data-element_type=\"container\" data-e-type=\"container\">\n\t\t\t\t\t<div class=\"e-con-inner\">\n\t\t<div class=\"elementor-element elementor-element-d37ea89 e-con-full e-flex e-con e-child\" data-id=\"d37ea89\" data-element_type=\"container\" data-e-type=\"container\">\n\t\t\t\t<div class=\"elementor-element elementor-element-21894ac elementor-widget elementor-widget-image\" data-id=\"21894ac\" data-element_type=\"widget\" data-e-type=\"widget\" data-widget_type=\"image.default\">\n\t\t\t\t<div class=\"elementor-widget-container\">\n\t\t\t\t\t\t\t\t\t\t\t\t\t\t\t<img fetchpriority=\"high\" decoding=\"async\" width=\"1080\" height=\"1080\" src=\"https:\/\/www.lebenshilfe-leoben.at\/wp-content\/uploads\/2025\/07\/lhleoben_praktikum_main.webp\" class=\"attachment-full size-full wp-image-1407\" alt=\"Zeitung lesen\" \/>\t\t\t\t\t\t\t\t\t\t\t\t\t\t\t<\/div>\n\t\t\t\t<\/div>\n\t\t\t\t<\/div>\n\t\t<div class=\"elementor-element elementor-element-c3107c6 e-con-full e-flex e-con e-child\" data-id=\"c3107c6\" data-element_type=\"container\" data-e-type=\"container\">\n\t\t\t\t<div class=\"elementor-element elementor-element-80f90cc elementor-widget elementor-widget-heading\" data-id=\"80f90cc\" data-element_type=\"widget\" data-e-type=\"widget\" data-widget_type=\"heading.default\">\n\t\t\t\t<div class=\"elementor-widget-container\">\n\t\t\t\t\t<h1 class=\"elementor-heading-title elementor-size-default\">Praktikum<\/h1>\t\t\t\t<\/div>\n\t\t\t\t<\/div>\n\t\t\t\t<div class=\"elementor-element elementor-element-6ea1c05 elementor-widget__width-initial elementor-widget-tablet__width-inherit elementor-widget elementor-widget-heading\" data-id=\"6ea1c05\" data-element_type=\"widget\" data-e-type=\"widget\" data-widget_type=\"heading.default\">\n\t\t\t\t<div class=\"elementor-widget-container\">\n\t\t\t\t\t<h2 class=\"elementor-heading-title elementor-size-default\">Ihr Praktikum bei der Lebenshilfe Leoben.<\/h2>\t\t\t\t<\/div>\n\t\t\t\t<\/div>\n\t\t\t\t<div class=\"elementor-element elementor-element-173933f elementor-widget elementor-widget-text-editor\" data-id=\"173933f\" data-element_type=\"widget\" data-e-type=\"widget\" data-widget_type=\"text-editor.default\">\n\t\t\t\t<div class=\"elementor-widget-container\">\n\t\t\t\t\t\t\t\t\t<p>Du machst eine Ausbildung und suchst eine Institution f\u00fcr dein Praktikum? Wir bieten viele M\u00f6glichkeiten, bei uns mitzuarbeiten. Wir nehmen uns gerne Zeit f\u00fcr ein erstes Gespr\u00e4ch. Melde dich unter <span style=\"text-decoration: underline;\"><a href=\"mailto:bewerbung@lebenshilfe-leoben.at\">bewerbung@lebenshilfe-leoben.at<\/a><\/span>. Wir freuen uns auf dich!  <\/p>\t\t\t\t\t\t\t\t<\/div>\n\t\t\t\t<\/div>\n\t\t\t\t<\/div>\n\t\t\t\t\t<\/div>\n\t\t\t\t<\/div>\n\t\t\t\t<\/div>\n\t\t","protected":false},"excerpt":{"rendered":"<p>Praktikum Ihr Praktikum bei der Lebenshilfe Leoben. Du machst eine Ausbildung und suchst eine Institution f\u00fcr dein Praktikum? Wir bieten viele M\u00f6glichkeiten, bei uns mitzuarbeiten. Wir nehmen uns gerne Zeit f\u00fcr ein erstes Gespr\u00e4ch. Melde dich unter bewerbung@lebenshilfe-leoben.at. Wir freuen uns auf dich!<\/p>\n","protected":false},"author":1,"featured_media":0,"parent":0,"menu_order":0,"comment_status":"closed","ping_status":"closed","template":"","meta":{"_acf_changed":false,"inline_featured_image":false,"footnotes":""},"class_list":["post-1528","page","type-page","status-publish","hentry"],"acf":[],"yoast_head":"<!-- This site is optimized with the Yoast SEO plugin v27.5 - https:\/\/yoast.com\/product\/yoast-seo-wordpress\/ -->\n<title>Praktikum - Lebenshilfe Leoben<\/title>\n<meta name=\"robots\" content=\"index, follow, max-snippet:-1, max-image-preview:large, max-video-preview:-1\" \/>\n<link rel=\"canonical\" href=\"https:\/\/www.lebenshilfe-leoben.at\/ll\/praktikum\/\" \/>\n<meta property=\"og:locale\" content=\"de_DE\" \/>\n<meta property=\"og:type\" content=\"article\" \/>\n<meta property=\"og:title\" content=\"Praktikum - Lebenshilfe Leoben\" \/>\n<meta property=\"og:description\" content=\"Praktikum Ihr Praktikum bei der Lebenshilfe Leoben. Du machst eine Ausbildung und suchst eine Institution f\u00fcr dein Praktikum? Wir bieten viele M\u00f6glichkeiten, bei uns mitzuarbeiten. Wir nehmen uns gerne Zeit f\u00fcr ein erstes Gespr\u00e4ch. Melde dich unter bewerbung@lebenshilfe-leoben.at. Wir freuen uns auf dich!\" \/>\n<meta property=\"og:url\" content=\"https:\/\/www.lebenshilfe-leoben.at\/ll\/praktikum\/\" \/>\n<meta property=\"og:site_name\" content=\"Lebenshilfe Leoben\" \/>\n<meta property=\"article:publisher\" content=\"https:\/\/www.facebook.com\/lebenshilfeleoben\/\" \/>\n<meta property=\"article:modified_time\" content=\"2025-08-27T12:04:47+00:00\" \/>\n<meta property=\"og:image\" content=\"https:\/\/www.lebenshilfe-leoben.at\/wp-content\/uploads\/2025\/07\/lhleoben_praktikum_main.webp\" \/>\n\t<meta property=\"og:image:width\" content=\"1080\" \/>\n\t<meta property=\"og:image:height\" content=\"1080\" \/>\n\t<meta property=\"og:image:type\" content=\"image\/webp\" \/>\n<meta name=\"twitter:card\" content=\"summary_large_image\" \/>\n<script type=\"application\/ld+json\" class=\"yoast-schema-graph\">{\"@context\":\"https:\\\/\\\/schema.org\",\"@graph\":[{\"@type\":\"WebPage\",\"@id\":\"https:\\\/\\\/www.lebenshilfe-leoben.at\\\/ll\\\/praktikum\\\/\",\"url\":\"https:\\\/\\\/www.lebenshilfe-leoben.at\\\/ll\\\/praktikum\\\/\",\"name\":\"Praktikum - Lebenshilfe Leoben\",\"isPartOf\":{\"@id\":\"https:\\\/\\\/www.lebenshilfe-leoben.at\\\/ll\\\/#website\"},\"primaryImageOfPage\":{\"@id\":\"https:\\\/\\\/www.lebenshilfe-leoben.at\\\/ll\\\/praktikum\\\/#primaryimage\"},\"image\":{\"@id\":\"https:\\\/\\\/www.lebenshilfe-leoben.at\\\/ll\\\/praktikum\\\/#primaryimage\"},\"thumbnailUrl\":\"https:\\\/\\\/www.lebenshilfe-leoben.at\\\/wp-content\\\/uploads\\\/2025\\\/07\\\/lhleoben_praktikum_main.jpg\",\"datePublished\":\"2025-04-14T08:26:37+00:00\",\"dateModified\":\"2025-08-27T12:04:47+00:00\",\"breadcrumb\":{\"@id\":\"https:\\\/\\\/www.lebenshilfe-leoben.at\\\/ll\\\/praktikum\\\/#breadcrumb\"},\"inLanguage\":\"de-ll\",\"potentialAction\":[{\"@type\":\"ReadAction\",\"target\":[\"https:\\\/\\\/www.lebenshilfe-leoben.at\\\/ll\\\/praktikum\\\/\"]}]},{\"@type\":\"ImageObject\",\"inLanguage\":\"de-ll\",\"@id\":\"https:\\\/\\\/www.lebenshilfe-leoben.at\\\/ll\\\/praktikum\\\/#primaryimage\",\"url\":\"https:\\\/\\\/www.lebenshilfe-leoben.at\\\/wp-content\\\/uploads\\\/2025\\\/07\\\/lhleoben_praktikum_main.jpg\",\"contentUrl\":\"https:\\\/\\\/www.lebenshilfe-leoben.at\\\/wp-content\\\/uploads\\\/2025\\\/07\\\/lhleoben_praktikum_main.jpg\"},{\"@type\":\"BreadcrumbList\",\"@id\":\"https:\\\/\\\/www.lebenshilfe-leoben.at\\\/ll\\\/praktikum\\\/#breadcrumb\",\"itemListElement\":[{\"@type\":\"ListItem\",\"position\":1,\"name\":\"Startseite\",\"item\":\"https:\\\/\\\/www.lebenshilfe-leoben.at\\\/ll\\\/home\\\/\"},{\"@type\":\"ListItem\",\"position\":2,\"name\":\"Praktikum\"}]},{\"@type\":\"WebSite\",\"@id\":\"https:\\\/\\\/www.lebenshilfe-leoben.at\\\/ll\\\/#website\",\"url\":\"https:\\\/\\\/www.lebenshilfe-leoben.at\\\/ll\\\/\",\"name\":\"Lebenshilfe Leoben\",\"description\":\"\",\"publisher\":{\"@id\":\"https:\\\/\\\/www.lebenshilfe-leoben.at\\\/ll\\\/#organization\"},\"potentialAction\":[{\"@type\":\"SearchAction\",\"target\":{\"@type\":\"EntryPoint\",\"urlTemplate\":\"https:\\\/\\\/www.lebenshilfe-leoben.at\\\/ll\\\/?s={search_term_string}\"},\"query-input\":{\"@type\":\"PropertyValueSpecification\",\"valueRequired\":true,\"valueName\":\"search_term_string\"}}],\"inLanguage\":\"de-ll\"},{\"@type\":\"Organization\",\"@id\":\"https:\\\/\\\/www.lebenshilfe-leoben.at\\\/ll\\\/#organization\",\"name\":\"Lebenshilfe Leoben\",\"url\":\"https:\\\/\\\/www.lebenshilfe-leoben.at\\\/ll\\\/\",\"logo\":{\"@type\":\"ImageObject\",\"inLanguage\":\"de-ll\",\"@id\":\"https:\\\/\\\/www.lebenshilfe-leoben.at\\\/ll\\\/#\\\/schema\\\/logo\\\/image\\\/\",\"url\":\"https:\\\/\\\/www.lebenshilfe-leoben.at\\\/wp-content\\\/uploads\\\/2025\\\/04\\\/logo_lebenshilfe-leoben.svg\",\"contentUrl\":\"https:\\\/\\\/www.lebenshilfe-leoben.at\\\/wp-content\\\/uploads\\\/2025\\\/04\\\/logo_lebenshilfe-leoben.svg\",\"width\":308,\"height\":80,\"caption\":\"Lebenshilfe Leoben\"},\"image\":{\"@id\":\"https:\\\/\\\/www.lebenshilfe-leoben.at\\\/ll\\\/#\\\/schema\\\/logo\\\/image\\\/\"},\"sameAs\":[\"https:\\\/\\\/www.facebook.com\\\/lebenshilfeleoben\\\/\",\"https:\\\/\\\/www.instagram.com\\\/lebenshilfeleoben\\\/\"]}]}<\/script>\n<!-- \/ Yoast SEO plugin. -->","yoast_head_json":{"title":"Praktikum - Lebenshilfe Leoben","robots":{"index":"index","follow":"follow","max-snippet":"max-snippet:-1","max-image-preview":"max-image-preview:large","max-video-preview":"max-video-preview:-1"},"canonical":"https:\/\/www.lebenshilfe-leoben.at\/ll\/praktikum\/","og_locale":"de_DE","og_type":"article","og_title":"Praktikum - Lebenshilfe Leoben","og_description":"Praktikum Ihr Praktikum bei der Lebenshilfe Leoben. Du machst eine Ausbildung und suchst eine Institution f\u00fcr dein Praktikum? Wir bieten viele M\u00f6glichkeiten, bei uns mitzuarbeiten. Wir nehmen uns gerne Zeit f\u00fcr ein erstes Gespr\u00e4ch. Melde dich unter bewerbung@lebenshilfe-leoben.at. Wir freuen uns auf dich!","og_url":"https:\/\/www.lebenshilfe-leoben.at\/ll\/praktikum\/","og_site_name":"Lebenshilfe Leoben","article_publisher":"https:\/\/www.facebook.com\/lebenshilfeleoben\/","article_modified_time":"2025-08-27T12:04:47+00:00","og_image":[{"width":1080,"height":1080,"url":"https:\/\/www.lebenshilfe-leoben.at\/wp-content\/uploads\/2025\/07\/lhleoben_praktikum_main.webp","type":"image\/webp"}],"twitter_card":"summary_large_image","schema":{"@context":"https:\/\/schema.org","@graph":[{"@type":"WebPage","@id":"https:\/\/www.lebenshilfe-leoben.at\/ll\/praktikum\/","url":"https:\/\/www.lebenshilfe-leoben.at\/ll\/praktikum\/","name":"Praktikum - Lebenshilfe Leoben","isPartOf":{"@id":"https:\/\/www.lebenshilfe-leoben.at\/ll\/#website"},"primaryImageOfPage":{"@id":"https:\/\/www.lebenshilfe-leoben.at\/ll\/praktikum\/#primaryimage"},"image":{"@id":"https:\/\/www.lebenshilfe-leoben.at\/ll\/praktikum\/#primaryimage"},"thumbnailUrl":"https:\/\/www.lebenshilfe-leoben.at\/wp-content\/uploads\/2025\/07\/lhleoben_praktikum_main.jpg","datePublished":"2025-04-14T08:26:37+00:00","dateModified":"2025-08-27T12:04:47+00:00","breadcrumb":{"@id":"https:\/\/www.lebenshilfe-leoben.at\/ll\/praktikum\/#breadcrumb"},"inLanguage":"de-ll","potentialAction":[{"@type":"ReadAction","target":["https:\/\/www.lebenshilfe-leoben.at\/ll\/praktikum\/"]}]},{"@type":"ImageObject","inLanguage":"de-ll","@id":"https:\/\/www.lebenshilfe-leoben.at\/ll\/praktikum\/#primaryimage","url":"https:\/\/www.lebenshilfe-leoben.at\/wp-content\/uploads\/2025\/07\/lhleoben_praktikum_main.jpg","contentUrl":"https:\/\/www.lebenshilfe-leoben.at\/wp-content\/uploads\/2025\/07\/lhleoben_praktikum_main.jpg"},{"@type":"BreadcrumbList","@id":"https:\/\/www.lebenshilfe-leoben.at\/ll\/praktikum\/#breadcrumb","itemListElement":[{"@type":"ListItem","position":1,"name":"Startseite","item":"https:\/\/www.lebenshilfe-leoben.at\/ll\/home\/"},{"@type":"ListItem","position":2,"name":"Praktikum"}]},{"@type":"WebSite","@id":"https:\/\/www.lebenshilfe-leoben.at\/ll\/#website","url":"https:\/\/www.lebenshilfe-leoben.at\/ll\/","name":"Lebenshilfe Leoben","description":"","publisher":{"@id":"https:\/\/www.lebenshilfe-leoben.at\/ll\/#organization"},"potentialAction":[{"@type":"SearchAction","target":{"@type":"EntryPoint","urlTemplate":"https:\/\/www.lebenshilfe-leoben.at\/ll\/?s={search_term_string}"},"query-input":{"@type":"PropertyValueSpecification","valueRequired":true,"valueName":"search_term_string"}}],"inLanguage":"de-ll"},{"@type":"Organization","@id":"https:\/\/www.lebenshilfe-leoben.at\/ll\/#organization","name":"Lebenshilfe Leoben","url":"https:\/\/www.lebenshilfe-leoben.at\/ll\/","logo":{"@type":"ImageObject","inLanguage":"de-ll","@id":"https:\/\/www.lebenshilfe-leoben.at\/ll\/#\/schema\/logo\/image\/","url":"https:\/\/www.lebenshilfe-leoben.at\/wp-content\/uploads\/2025\/04\/logo_lebenshilfe-leoben.svg","contentUrl":"https:\/\/www.lebenshilfe-leoben.at\/wp-content\/uploads\/2025\/04\/logo_lebenshilfe-leoben.svg","width":308,"height":80,"caption":"Lebenshilfe Leoben"},"image":{"@id":"https:\/\/www.lebenshilfe-leoben.at\/ll\/#\/schema\/logo\/image\/"},"sameAs":["https:\/\/www.facebook.com\/lebenshilfeleoben\/","https:\/\/www.instagram.com\/lebenshilfeleoben\/"]}]}},"_links":{"self":[{"href":"https:\/\/www.lebenshilfe-leoben.at\/ll\/wp-json\/wp\/v2\/pages\/1528","targetHints":{"allow":["GET"]}}],"collection":[{"href":"https:\/\/www.lebenshilfe-leoben.at\/ll\/wp-json\/wp\/v2\/pages"}],"about":[{"href":"https:\/\/www.lebenshilfe-leoben.at\/ll\/wp-json\/wp\/v2\/types\/page"}],"author":[{"embeddable":true,"href":"https:\/\/www.lebenshilfe-leoben.at\/ll\/wp-json\/wp\/v2\/users\/1"}],"replies":[{"embeddable":true,"href":"https:\/\/www.lebenshilfe-leoben.at\/ll\/wp-json\/wp\/v2\/comments?post=1528"}],"version-history":[{"count":0,"href":"https:\/\/www.lebenshilfe-leoben.at\/ll\/wp-json\/wp\/v2\/pages\/1528\/revisions"}],"wp:attachment":[{"href":"https:\/\/www.lebenshilfe-leoben.at\/ll\/wp-json\/wp\/v2\/media?parent=1528"}],"curies":[{"name":"wp","href":"https:\/\/api.w.org\/{rel}","templated":true}]}}