{"id":1542,"date":"2025-04-10T10:30:16","date_gmt":"2025-04-10T08:30:16","guid":{"rendered":"https:\/\/www.lebenshilfe-leoben.at\/selbst-kundenvertretung\/"},"modified":"2025-08-27T14:55:50","modified_gmt":"2025-08-27T12:55:50","slug":"selbst-kundenvertretung","status":"publish","type":"page","link":"https:\/\/www.lebenshilfe-leoben.at\/ll\/selbst-kundenvertretung\/","title":{"rendered":"Selbst- &amp; Kundenvertretung"},"content":{"rendered":"\t\t<div data-elementor-type=\"wp-page\" data-elementor-id=\"1542\" class=\"elementor elementor-1542 elementor-634\" data-elementor-post-type=\"page\">\n\t\t\t\t<div class=\"elementor-element elementor-element-975f569 e-flex e-con-boxed e-con e-parent\" data-id=\"975f569\" data-element_type=\"container\" data-e-type=\"container\">\n\t\t\t\t\t<div class=\"e-con-inner\">\n\t\t<div class=\"elementor-element elementor-element-d37ea89 e-con-full e-flex e-con e-child\" data-id=\"d37ea89\" data-element_type=\"container\" data-e-type=\"container\">\n\t\t\t\t<div class=\"elementor-element elementor-element-21894ac elementor-widget elementor-widget-image\" data-id=\"21894ac\" data-element_type=\"widget\" data-e-type=\"widget\" data-widget_type=\"image.default\">\n\t\t\t\t<div class=\"elementor-widget-container\">\n\t\t\t\t\t\t\t\t\t\t\t\t\t\t\t<img fetchpriority=\"high\" decoding=\"async\" width=\"1080\" height=\"1080\" src=\"https:\/\/www.lebenshilfe-leoben.at\/wp-content\/uploads\/2025\/07\/lhleoben_selbstvertretung_main.webp\" class=\"attachment-full size-full wp-image-1409\" alt=\"Selbstvertretung\" \/>\t\t\t\t\t\t\t\t\t\t\t\t\t\t\t<\/div>\n\t\t\t\t<\/div>\n\t\t\t\t<\/div>\n\t\t<div class=\"elementor-element elementor-element-c3107c6 e-con-full e-flex e-con e-child\" data-id=\"c3107c6\" data-element_type=\"container\" data-e-type=\"container\">\n\t\t\t\t<div class=\"elementor-element elementor-element-80f90cc elementor-widget elementor-widget-heading\" data-id=\"80f90cc\" data-element_type=\"widget\" data-e-type=\"widget\" data-widget_type=\"heading.default\">\n\t\t\t\t<div class=\"elementor-widget-container\">\n\t\t\t\t\t<h1 class=\"elementor-heading-title elementor-size-default\">Selbst- &amp; Kund:innenvertretung<\/h1>\t\t\t\t<\/div>\n\t\t\t\t<\/div>\n\t\t\t\t<div class=\"elementor-element elementor-element-6ea1c05 elementor-widget__width-initial elementor-widget-tablet__width-inherit elementor-widget elementor-widget-heading\" data-id=\"6ea1c05\" data-element_type=\"widget\" data-e-type=\"widget\" data-widget_type=\"heading.default\">\n\t\t\t\t<div class=\"elementor-widget-container\">\n\t\t\t\t\t<h2 class=\"elementor-heading-title elementor-size-default\">Unter dem Motto: \"Nichts \u00fcber uns ohne uns!\"<\/h2>\t\t\t\t<\/div>\n\t\t\t\t<\/div>\n\t\t\t\t<div class=\"elementor-element elementor-element-173933f elementor-widget elementor-widget-text-editor\" data-id=\"173933f\" data-element_type=\"widget\" data-e-type=\"widget\" data-widget_type=\"text-editor.default\">\n\t\t\t\t<div class=\"elementor-widget-container\">\n\t\t\t\t\t\t\t\t\t<p>\u201eNichts \u00fcber uns ohne uns\u201c<br>Das bedeutet:<br>Menschen mit Behinderung sollen <strong>bei allen Entscheidungen mitreden<\/strong>.<br>Die Selbst-Vertretung und die Kund:innen-Vertretung setzen sich f\u00fcr die Rechte von Menschen mit Behinderung ein.<br>Sie wollen, dass alle Menschen <strong>gut miteinander leben<\/strong> k\u00f6nnen.  <\/p>\t\t\t\t\t\t\t\t<\/div>\n\t\t\t\t<\/div>\n\t\t\t\t<\/div>\n\t\t\t\t\t<\/div>\n\t\t\t\t<\/div>\n\t\t<div class=\"elementor-element elementor-element-5a9d680 e-flex e-con-boxed e-con e-parent\" data-id=\"5a9d680\" data-element_type=\"container\" data-e-type=\"container\">\n\t\t\t\t\t<div class=\"e-con-inner\">\n\t\t<div class=\"elementor-element elementor-element-47793f8 e-con-full e-flex e-con e-child\" data-id=\"47793f8\" data-element_type=\"container\" data-e-type=\"container\">\n\t\t\t\t<div class=\"elementor-element elementor-element-2489b30 elementor-widget-tablet__width-inherit elementor-widget__width-initial elementor-widget elementor-widget-heading\" data-id=\"2489b30\" data-element_type=\"widget\" data-e-type=\"widget\" data-widget_type=\"heading.default\">\n\t\t\t\t<div class=\"elementor-widget-container\">\n\t\t\t\t\t<h5 class=\"elementor-heading-title elementor-size-default\">Mehr \u00fcber die Selbst- &amp; Kund:innenvertretung bei der Lebenshilfe Leoben<\/h5>\t\t\t\t<\/div>\n\t\t\t\t<\/div>\n\t\t\t\t<div class=\"elementor-element elementor-element-365ebe5 elementor-widget__width-initial elementor-widget-tablet__width-inherit elementor-widget elementor-widget-text-editor\" data-id=\"365ebe5\" data-element_type=\"widget\" data-e-type=\"widget\" data-widget_type=\"text-editor.default\">\n\t\t\t\t<div class=\"elementor-widget-container\">\n\t\t\t\t\t\t\t\t\t<p>Die Lebenshilfe Leoben findet die <strong>Selbst-Vertretung sehr wichtig<\/strong>.<br><br>Was ist Selbst-Vertretung?<br>Das sind Menschen mit Behinderung.<br>Sie sprechen f\u00fcr andere Menschen mit Behinderung.<br>Sie sagen der \u00d6ffentlichkeit:<br>Das brauchen wir. Das wollen wir.<br><br>Was ist Kund:innen-Vertretung?<br>So nennt man die Selbst-Vertretung in der Lebenshilfe Leoben.<br>Sie hilft den Menschen in der Lebenshilfe Leoben.<br>Sie h\u00f6ren gut zu. Sie nehmen sich Zeit. Sie helfen bei Problemen.<br><br>Die Kund:innen-Vertretung besucht alle Orte der Lebenshilfe Leoben.<br>Sie sprechen mit ihren Kolleginnen und Kollegen.<br>So wissen sie: Was ist gut? Was ist nicht gut? Was muss sich \u00e4ndern?  <\/p><p>Die Selbst-Vertretung der Lebenshilfe Leoben arbeitet auch mit:<br>\u2013 bei der Lebenshilfe Steiermark<br>\u2013 bei people first<br>\u2013 bei der Lebenshilfe \u00d6sterreich<\/p>\t\t\t\t\t\t\t\t<\/div>\n\t\t\t\t<\/div>\n\t\t\t\t<\/div>\n\t\t\t\t\t<\/div>\n\t\t\t\t<\/div>\n\t\t<div class=\"elementor-element elementor-element-6cea28e e-flex e-con-boxed e-con e-parent\" data-id=\"6cea28e\" data-element_type=\"container\" data-e-type=\"container\">\n\t\t\t\t\t<div class=\"e-con-inner\">\n\t\t<div class=\"elementor-element elementor-element-961b039 e-con-full e-flex e-con e-child\" data-id=\"961b039\" data-element_type=\"container\" data-e-type=\"container\">\n\t\t\t\t<div class=\"elementor-element elementor-element-bad10ce elementor-widget-mobile__width-inherit elementor-widget elementor-widget-heading\" data-id=\"bad10ce\" data-element_type=\"widget\" data-e-type=\"widget\" data-widget_type=\"heading.default\">\n\t\t\t\t<div class=\"elementor-widget-container\">\n\t\t\t\t\t<h3 class=\"elementor-heading-title elementor-size-default\">Team<\/h3>\t\t\t\t<\/div>\n\t\t\t\t<\/div>\n\t\t\t\t<div class=\"elementor-element elementor-element-953a6ce elementor-widget__width-initial elementor-widget-mobile__width-inherit elementor-widget elementor-widget-heading\" data-id=\"953a6ce\" data-element_type=\"widget\" data-e-type=\"widget\" data-widget_type=\"heading.default\">\n\t\t\t\t<div class=\"elementor-widget-container\">\n\t\t\t\t\t<h2 class=\"elementor-heading-title elementor-size-default\">Gemeinsam f\u00fcr ein Leben ohne Barrieren<\/h2>\t\t\t\t<\/div>\n\t\t\t\t<\/div>\n\t\t\t\t<div class=\"elementor-element elementor-element-14cea8d elementor-widget elementor-widget-heading\" data-id=\"14cea8d\" data-element_type=\"widget\" data-e-type=\"widget\" data-widget_type=\"heading.default\">\n\t\t\t\t<div class=\"elementor-widget-container\">\n\t\t\t\t\t<p class=\"elementor-heading-title elementor-size-default\">Selbstvertretung<\/p>\t\t\t\t<\/div>\n\t\t\t\t<\/div>\n\t\t<div class=\"elementor-element elementor-element-375dd86 e-con-full e-grid e-con e-child\" data-id=\"375dd86\" data-element_type=\"container\" data-e-type=\"container\">\n\t\t<div class=\"elementor-element elementor-element-02950e9 e-con-full e-flex e-con e-child\" data-id=\"02950e9\" data-element_type=\"container\" data-e-type=\"container\">\n\t\t\t\t<div class=\"elementor-element elementor-element-b472eb5 elementor-widget elementor-widget-image\" data-id=\"b472eb5\" data-element_type=\"widget\" data-e-type=\"widget\" data-widget_type=\"image.default\">\n\t\t\t\t<div class=\"elementor-widget-container\">\n\t\t\t\t\t\t\t\t\t\t\t\t\t\t\t<img decoding=\"async\" width=\"800\" height=\"1200\" src=\"https:\/\/www.lebenshilfe-leoben.at\/wp-content\/uploads\/2025\/08\/jasmine-horvat.webp\" class=\"attachment-large size-large wp-image-1660\" alt=\"Portrait Jasmine Horvat\" \/>\t\t\t\t\t\t\t\t\t\t\t\t\t\t\t<\/div>\n\t\t\t\t<\/div>\n\t\t\t\t<div class=\"elementor-element elementor-element-e513509 elementor-widget elementor-widget-heading\" data-id=\"e513509\" data-element_type=\"widget\" data-e-type=\"widget\" data-widget_type=\"heading.default\">\n\t\t\t\t<div class=\"elementor-widget-container\">\n\t\t\t\t\t<h3 class=\"elementor-heading-title elementor-size-default\">Jasmine Horvat<\/h3>\t\t\t\t<\/div>\n\t\t\t\t<\/div>\n\t\t\t\t<div class=\"elementor-element elementor-element-5eeb4fd elementor-widget elementor-widget-heading\" data-id=\"5eeb4fd\" data-element_type=\"widget\" data-e-type=\"widget\" data-widget_type=\"heading.default\">\n\t\t\t\t<div class=\"elementor-widget-container\">\n\t\t\t\t\t<p class=\"elementor-heading-title elementor-size-default\">Selbstvertreterin<\/p>\t\t\t\t<\/div>\n\t\t\t\t<\/div>\n\t\t<div class=\"elementor-element elementor-element-9ef2a85 e-con-full e-flex e-con e-child\" data-id=\"9ef2a85\" data-element_type=\"container\" data-e-type=\"container\">\n\t\t\t\t<div class=\"elementor-element elementor-element-621d852 elementor-widget__width-auto elementor-view-default elementor-widget elementor-widget-icon\" data-id=\"621d852\" data-element_type=\"widget\" data-e-type=\"widget\" data-widget_type=\"icon.default\">\n\t\t\t\t<div class=\"elementor-widget-container\">\n\t\t\t\t\t\t\t<div class=\"elementor-icon-wrapper\">\n\t\t\t<a class=\"elementor-icon\" href=\"mailto:selbstvertretung@lebenshilfe-leoben.at%20\">\n\t\t\t<svg aria-hidden=\"true\" class=\"e-font-icon-svg e-fas-envelope\" viewBox=\"0 0 512 512\" xmlns=\"http:\/\/www.w3.org\/2000\/svg\"><path d=\"M502.3 190.8c3.9-3.1 9.7-.2 9.7 4.7V400c0 26.5-21.5 48-48 48H48c-26.5 0-48-21.5-48-48V195.6c0-5 5.7-7.8 9.7-4.7 22.4 17.4 52.1 39.5 154.1 113.6 21.1 15.4 56.7 47.8 92.2 47.6 35.7.3 72-32.8 92.3-47.6 102-74.1 131.6-96.3 154-113.7zM256 320c23.2.4 56.6-29.2 73.4-41.4 132.7-96.3 142.8-104.7 173.4-128.7 5.8-4.5 9.2-11.5 9.2-18.9v-19c0-26.5-21.5-48-48-48H48C21.5 64 0 85.5 0 112v19c0 7.4 3.4 14.3 9.2 18.9 30.6 23.9 40.7 32.4 173.4 128.7 16.8 12.2 50.2 41.8 73.4 41.4z\"><\/path><\/svg>\t\t\t<\/a>\n\t\t<\/div>\n\t\t\t\t\t\t<\/div>\n\t\t\t\t<\/div>\n\t\t\t\t<\/div>\n\t\t\t\t<\/div>\n\t\t<div class=\"elementor-element elementor-element-c08935e e-con-full e-flex e-con e-child\" data-id=\"c08935e\" data-element_type=\"container\" data-e-type=\"container\">\n\t\t\t\t<div class=\"elementor-element elementor-element-a4f53ac elementor-widget elementor-widget-image\" data-id=\"a4f53ac\" data-element_type=\"widget\" data-e-type=\"widget\" data-widget_type=\"image.default\">\n\t\t\t\t<div class=\"elementor-widget-container\">\n\t\t\t\t\t\t\t\t\t\t\t\t\t\t\t<img decoding=\"async\" width=\"800\" height=\"1200\" src=\"https:\/\/www.lebenshilfe-leoben.at\/wp-content\/uploads\/2025\/08\/daniela-pacnik-ma.webp\" class=\"attachment-large size-large wp-image-1662\" alt=\"Portrait Daniela Pacnik MA\" \/>\t\t\t\t\t\t\t\t\t\t\t\t\t\t\t<\/div>\n\t\t\t\t<\/div>\n\t\t\t\t<div class=\"elementor-element elementor-element-5c461cf elementor-widget elementor-widget-heading\" data-id=\"5c461cf\" data-element_type=\"widget\" data-e-type=\"widget\" data-widget_type=\"heading.default\">\n\t\t\t\t<div class=\"elementor-widget-container\">\n\t\t\t\t\t<h3 class=\"elementor-heading-title elementor-size-default\">Daniela Pacnik, MA<\/h3>\t\t\t\t<\/div>\n\t\t\t\t<\/div>\n\t\t\t\t<div class=\"elementor-element elementor-element-3b4a8d3 elementor-widget elementor-widget-heading\" data-id=\"3b4a8d3\" data-element_type=\"widget\" data-e-type=\"widget\" data-widget_type=\"heading.default\">\n\t\t\t\t<div class=\"elementor-widget-container\">\n\t\t\t\t\t<p class=\"elementor-heading-title elementor-size-default\">Koordinatorin der Selbst-, und Kund:innenvertretung<\/p>\t\t\t\t<\/div>\n\t\t\t\t<\/div>\n\t\t\t\t<div class=\"elementor-element elementor-element-80043ca elementor-widget elementor-widget-heading\" data-id=\"80043ca\" data-element_type=\"widget\" data-e-type=\"widget\" data-widget_type=\"heading.default\">\n\t\t\t\t<div class=\"elementor-widget-container\">\n\t\t\t\t\t<p class=\"elementor-heading-title elementor-size-default\">+43 676 84 444 0220<\/p>\t\t\t\t<\/div>\n\t\t\t\t<\/div>\n\t\t<div class=\"elementor-element elementor-element-6fc35f8 e-con-full e-flex e-con e-child\" data-id=\"6fc35f8\" data-element_type=\"container\" data-e-type=\"container\">\n\t\t\t\t<div class=\"elementor-element elementor-element-e795936 elementor-widget__width-auto elementor-view-default elementor-widget elementor-widget-icon\" data-id=\"e795936\" data-element_type=\"widget\" data-e-type=\"widget\" data-widget_type=\"icon.default\">\n\t\t\t\t<div class=\"elementor-widget-container\">\n\t\t\t\t\t\t\t<div class=\"elementor-icon-wrapper\">\n\t\t\t<a class=\"elementor-icon\" href=\"tel:+43%20676%2084%20444%200220\">\n\t\t\t<svg aria-hidden=\"true\" class=\"e-font-icon-svg e-fas-phone-alt\" viewBox=\"0 0 512 512\" xmlns=\"http:\/\/www.w3.org\/2000\/svg\"><path d=\"M497.39 361.8l-112-48a24 24 0 0 0-28 6.9l-49.6 60.6A370.66 370.66 0 0 1 130.6 204.11l60.6-49.6a23.94 23.94 0 0 0 6.9-28l-48-112A24.16 24.16 0 0 0 122.6.61l-104 24A24 24 0 0 0 0 48c0 256.5 207.9 464 464 464a24 24 0 0 0 23.4-18.6l24-104a24.29 24.29 0 0 0-14.01-27.6z\"><\/path><\/svg>\t\t\t<\/a>\n\t\t<\/div>\n\t\t\t\t\t\t<\/div>\n\t\t\t\t<\/div>\n\t\t\t\t<div class=\"elementor-element elementor-element-c7fb1c9 elementor-widget__width-auto elementor-view-default elementor-widget elementor-widget-icon\" data-id=\"c7fb1c9\" data-element_type=\"widget\" data-e-type=\"widget\" data-widget_type=\"icon.default\">\n\t\t\t\t<div class=\"elementor-widget-container\">\n\t\t\t\t\t\t\t<div class=\"elementor-icon-wrapper\">\n\t\t\t<a class=\"elementor-icon\" href=\"mailto:d.pacnik@lebenshilfe-leoben.at\">\n\t\t\t<svg aria-hidden=\"true\" class=\"e-font-icon-svg e-fas-envelope\" viewBox=\"0 0 512 512\" xmlns=\"http:\/\/www.w3.org\/2000\/svg\"><path d=\"M502.3 190.8c3.9-3.1 9.7-.2 9.7 4.7V400c0 26.5-21.5 48-48 48H48c-26.5 0-48-21.5-48-48V195.6c0-5 5.7-7.8 9.7-4.7 22.4 17.4 52.1 39.5 154.1 113.6 21.1 15.4 56.7 47.8 92.2 47.6 35.7.3 72-32.8 92.3-47.6 102-74.1 131.6-96.3 154-113.7zM256 320c23.2.4 56.6-29.2 73.4-41.4 132.7-96.3 142.8-104.7 173.4-128.7 5.8-4.5 9.2-11.5 9.2-18.9v-19c0-26.5-21.5-48-48-48H48C21.5 64 0 85.5 0 112v19c0 7.4 3.4 14.3 9.2 18.9 30.6 23.9 40.7 32.4 173.4 128.7 16.8 12.2 50.2 41.8 73.4 41.4z\"><\/path><\/svg>\t\t\t<\/a>\n\t\t<\/div>\n\t\t\t\t\t\t<\/div>\n\t\t\t\t<\/div>\n\t\t\t\t<\/div>\n\t\t\t\t<\/div>\n\t\t\t\t<\/div>\n\t\t\t\t<\/div>\n\t\t\t\t\t<\/div>\n\t\t\t\t<\/div>\n\t\t\t\t<\/div>\n\t\t","protected":false},"excerpt":{"rendered":"<p>Selbst- &amp; Kund:innenvertretung Unter dem Motto: &#8220;Nichts \u00fcber uns ohne uns!&#8221; \u201eNichts \u00fcber uns ohne uns\u201cDas bedeutet:Menschen mit Behinderung sollen bei allen Entscheidungen mitreden.Die Selbst-Vertretung und die Kund:innen-Vertretung setzen sich f\u00fcr die Rechte von Menschen mit Behinderung ein.Sie wollen, dass alle Menschen gut miteinander leben k\u00f6nnen. Mehr \u00fcber die Selbst- &amp; Kund:innenvertretung bei der Lebenshilfe [&hellip;]<\/p>\n","protected":false},"author":1,"featured_media":0,"parent":0,"menu_order":0,"comment_status":"closed","ping_status":"closed","template":"","meta":{"_acf_changed":false,"inline_featured_image":false,"footnotes":""},"class_list":["post-1542","page","type-page","status-publish","hentry"],"acf":[],"yoast_head":"<!-- This site is optimized with the Yoast SEO plugin v27.5 - https:\/\/yoast.com\/product\/yoast-seo-wordpress\/ -->\n<title>Selbst- &amp; Kundenvertretung - Lebenshilfe Leoben<\/title>\n<meta name=\"robots\" content=\"index, follow, max-snippet:-1, max-image-preview:large, max-video-preview:-1\" \/>\n<link rel=\"canonical\" href=\"https:\/\/www.lebenshilfe-leoben.at\/ll\/selbst-kundenvertretung\/\" \/>\n<meta property=\"og:locale\" content=\"de_DE\" \/>\n<meta property=\"og:type\" content=\"article\" \/>\n<meta property=\"og:title\" content=\"Selbst- &amp; Kundenvertretung - Lebenshilfe Leoben\" \/>\n<meta property=\"og:description\" content=\"Selbst- &amp; Kund:innenvertretung Unter dem Motto: &#8220;Nichts \u00fcber uns ohne uns!&#8221; \u201eNichts \u00fcber uns ohne uns\u201cDas bedeutet:Menschen mit Behinderung sollen bei allen Entscheidungen mitreden.Die Selbst-Vertretung und die Kund:innen-Vertretung setzen sich f\u00fcr die Rechte von Menschen mit Behinderung ein.Sie wollen, dass alle Menschen gut miteinander leben k\u00f6nnen. Mehr \u00fcber die Selbst- &amp; Kund:innenvertretung bei der Lebenshilfe [&hellip;]\" \/>\n<meta property=\"og:url\" content=\"https:\/\/www.lebenshilfe-leoben.at\/ll\/selbst-kundenvertretung\/\" \/>\n<meta property=\"og:site_name\" content=\"Lebenshilfe Leoben\" \/>\n<meta property=\"article:publisher\" content=\"https:\/\/www.facebook.com\/lebenshilfeleoben\/\" \/>\n<meta property=\"article:modified_time\" content=\"2025-08-27T12:55:50+00:00\" \/>\n<meta property=\"og:image\" content=\"https:\/\/www.lebenshilfe-leoben.at\/wp-content\/uploads\/2025\/07\/lhleoben_selbstvertretung_main.webp\" \/>\n\t<meta property=\"og:image:width\" content=\"1080\" \/>\n\t<meta property=\"og:image:height\" content=\"1080\" \/>\n\t<meta property=\"og:image:type\" content=\"image\/webp\" \/>\n<meta name=\"twitter:card\" content=\"summary_large_image\" \/>\n<meta name=\"twitter:label1\" content=\"Est. reading time\" \/>\n\t<meta name=\"twitter:data1\" content=\"1 minute\" \/>\n<script type=\"application\/ld+json\" class=\"yoast-schema-graph\">{\"@context\":\"https:\\\/\\\/schema.org\",\"@graph\":[{\"@type\":\"WebPage\",\"@id\":\"https:\\\/\\\/www.lebenshilfe-leoben.at\\\/ll\\\/selbst-kundenvertretung\\\/\",\"url\":\"https:\\\/\\\/www.lebenshilfe-leoben.at\\\/ll\\\/selbst-kundenvertretung\\\/\",\"name\":\"Selbst- &amp; Kundenvertretung - Lebenshilfe Leoben\",\"isPartOf\":{\"@id\":\"https:\\\/\\\/www.lebenshilfe-leoben.at\\\/ll\\\/#website\"},\"primaryImageOfPage\":{\"@id\":\"https:\\\/\\\/www.lebenshilfe-leoben.at\\\/ll\\\/selbst-kundenvertretung\\\/#primaryimage\"},\"image\":{\"@id\":\"https:\\\/\\\/www.lebenshilfe-leoben.at\\\/ll\\\/selbst-kundenvertretung\\\/#primaryimage\"},\"thumbnailUrl\":\"https:\\\/\\\/www.lebenshilfe-leoben.at\\\/wp-content\\\/uploads\\\/2025\\\/07\\\/lhleoben_selbstvertretung_main.jpg\",\"datePublished\":\"2025-04-10T08:30:16+00:00\",\"dateModified\":\"2025-08-27T12:55:50+00:00\",\"breadcrumb\":{\"@id\":\"https:\\\/\\\/www.lebenshilfe-leoben.at\\\/ll\\\/selbst-kundenvertretung\\\/#breadcrumb\"},\"inLanguage\":\"de-ll\",\"potentialAction\":[{\"@type\":\"ReadAction\",\"target\":[\"https:\\\/\\\/www.lebenshilfe-leoben.at\\\/ll\\\/selbst-kundenvertretung\\\/\"]}]},{\"@type\":\"ImageObject\",\"inLanguage\":\"de-ll\",\"@id\":\"https:\\\/\\\/www.lebenshilfe-leoben.at\\\/ll\\\/selbst-kundenvertretung\\\/#primaryimage\",\"url\":\"https:\\\/\\\/www.lebenshilfe-leoben.at\\\/wp-content\\\/uploads\\\/2025\\\/07\\\/lhleoben_selbstvertretung_main.jpg\",\"contentUrl\":\"https:\\\/\\\/www.lebenshilfe-leoben.at\\\/wp-content\\\/uploads\\\/2025\\\/07\\\/lhleoben_selbstvertretung_main.jpg\"},{\"@type\":\"BreadcrumbList\",\"@id\":\"https:\\\/\\\/www.lebenshilfe-leoben.at\\\/ll\\\/selbst-kundenvertretung\\\/#breadcrumb\",\"itemListElement\":[{\"@type\":\"ListItem\",\"position\":1,\"name\":\"Startseite\",\"item\":\"https:\\\/\\\/www.lebenshilfe-leoben.at\\\/ll\\\/home\\\/\"},{\"@type\":\"ListItem\",\"position\":2,\"name\":\"Selbst- &amp; Kundenvertretung\"}]},{\"@type\":\"WebSite\",\"@id\":\"https:\\\/\\\/www.lebenshilfe-leoben.at\\\/ll\\\/#website\",\"url\":\"https:\\\/\\\/www.lebenshilfe-leoben.at\\\/ll\\\/\",\"name\":\"Lebenshilfe Leoben\",\"description\":\"\",\"publisher\":{\"@id\":\"https:\\\/\\\/www.lebenshilfe-leoben.at\\\/ll\\\/#organization\"},\"potentialAction\":[{\"@type\":\"SearchAction\",\"target\":{\"@type\":\"EntryPoint\",\"urlTemplate\":\"https:\\\/\\\/www.lebenshilfe-leoben.at\\\/ll\\\/?s={search_term_string}\"},\"query-input\":{\"@type\":\"PropertyValueSpecification\",\"valueRequired\":true,\"valueName\":\"search_term_string\"}}],\"inLanguage\":\"de-ll\"},{\"@type\":\"Organization\",\"@id\":\"https:\\\/\\\/www.lebenshilfe-leoben.at\\\/ll\\\/#organization\",\"name\":\"Lebenshilfe Leoben\",\"url\":\"https:\\\/\\\/www.lebenshilfe-leoben.at\\\/ll\\\/\",\"logo\":{\"@type\":\"ImageObject\",\"inLanguage\":\"de-ll\",\"@id\":\"https:\\\/\\\/www.lebenshilfe-leoben.at\\\/ll\\\/#\\\/schema\\\/logo\\\/image\\\/\",\"url\":\"https:\\\/\\\/www.lebenshilfe-leoben.at\\\/wp-content\\\/uploads\\\/2025\\\/04\\\/logo_lebenshilfe-leoben.svg\",\"contentUrl\":\"https:\\\/\\\/www.lebenshilfe-leoben.at\\\/wp-content\\\/uploads\\\/2025\\\/04\\\/logo_lebenshilfe-leoben.svg\",\"width\":308,\"height\":80,\"caption\":\"Lebenshilfe Leoben\"},\"image\":{\"@id\":\"https:\\\/\\\/www.lebenshilfe-leoben.at\\\/ll\\\/#\\\/schema\\\/logo\\\/image\\\/\"},\"sameAs\":[\"https:\\\/\\\/www.facebook.com\\\/lebenshilfeleoben\\\/\",\"https:\\\/\\\/www.instagram.com\\\/lebenshilfeleoben\\\/\"]}]}<\/script>\n<!-- \/ Yoast SEO plugin. -->","yoast_head_json":{"title":"Selbst- &amp; Kundenvertretung - Lebenshilfe Leoben","robots":{"index":"index","follow":"follow","max-snippet":"max-snippet:-1","max-image-preview":"max-image-preview:large","max-video-preview":"max-video-preview:-1"},"canonical":"https:\/\/www.lebenshilfe-leoben.at\/ll\/selbst-kundenvertretung\/","og_locale":"de_DE","og_type":"article","og_title":"Selbst- &amp; Kundenvertretung - Lebenshilfe Leoben","og_description":"Selbst- &amp; Kund:innenvertretung Unter dem Motto: &#8220;Nichts \u00fcber uns ohne uns!&#8221; \u201eNichts \u00fcber uns ohne uns\u201cDas bedeutet:Menschen mit Behinderung sollen bei allen Entscheidungen mitreden.Die Selbst-Vertretung und die Kund:innen-Vertretung setzen sich f\u00fcr die Rechte von Menschen mit Behinderung ein.Sie wollen, dass alle Menschen gut miteinander leben k\u00f6nnen. Mehr \u00fcber die Selbst- &amp; Kund:innenvertretung bei der Lebenshilfe [&hellip;]","og_url":"https:\/\/www.lebenshilfe-leoben.at\/ll\/selbst-kundenvertretung\/","og_site_name":"Lebenshilfe Leoben","article_publisher":"https:\/\/www.facebook.com\/lebenshilfeleoben\/","article_modified_time":"2025-08-27T12:55:50+00:00","og_image":[{"width":1080,"height":1080,"url":"https:\/\/www.lebenshilfe-leoben.at\/wp-content\/uploads\/2025\/07\/lhleoben_selbstvertretung_main.webp","type":"image\/webp"}],"twitter_card":"summary_large_image","twitter_misc":{"Est. reading time":"1 minute"},"schema":{"@context":"https:\/\/schema.org","@graph":[{"@type":"WebPage","@id":"https:\/\/www.lebenshilfe-leoben.at\/ll\/selbst-kundenvertretung\/","url":"https:\/\/www.lebenshilfe-leoben.at\/ll\/selbst-kundenvertretung\/","name":"Selbst- &amp; Kundenvertretung - Lebenshilfe Leoben","isPartOf":{"@id":"https:\/\/www.lebenshilfe-leoben.at\/ll\/#website"},"primaryImageOfPage":{"@id":"https:\/\/www.lebenshilfe-leoben.at\/ll\/selbst-kundenvertretung\/#primaryimage"},"image":{"@id":"https:\/\/www.lebenshilfe-leoben.at\/ll\/selbst-kundenvertretung\/#primaryimage"},"thumbnailUrl":"https:\/\/www.lebenshilfe-leoben.at\/wp-content\/uploads\/2025\/07\/lhleoben_selbstvertretung_main.jpg","datePublished":"2025-04-10T08:30:16+00:00","dateModified":"2025-08-27T12:55:50+00:00","breadcrumb":{"@id":"https:\/\/www.lebenshilfe-leoben.at\/ll\/selbst-kundenvertretung\/#breadcrumb"},"inLanguage":"de-ll","potentialAction":[{"@type":"ReadAction","target":["https:\/\/www.lebenshilfe-leoben.at\/ll\/selbst-kundenvertretung\/"]}]},{"@type":"ImageObject","inLanguage":"de-ll","@id":"https:\/\/www.lebenshilfe-leoben.at\/ll\/selbst-kundenvertretung\/#primaryimage","url":"https:\/\/www.lebenshilfe-leoben.at\/wp-content\/uploads\/2025\/07\/lhleoben_selbstvertretung_main.jpg","contentUrl":"https:\/\/www.lebenshilfe-leoben.at\/wp-content\/uploads\/2025\/07\/lhleoben_selbstvertretung_main.jpg"},{"@type":"BreadcrumbList","@id":"https:\/\/www.lebenshilfe-leoben.at\/ll\/selbst-kundenvertretung\/#breadcrumb","itemListElement":[{"@type":"ListItem","position":1,"name":"Startseite","item":"https:\/\/www.lebenshilfe-leoben.at\/ll\/home\/"},{"@type":"ListItem","position":2,"name":"Selbst- &amp; Kundenvertretung"}]},{"@type":"WebSite","@id":"https:\/\/www.lebenshilfe-leoben.at\/ll\/#website","url":"https:\/\/www.lebenshilfe-leoben.at\/ll\/","name":"Lebenshilfe Leoben","description":"","publisher":{"@id":"https:\/\/www.lebenshilfe-leoben.at\/ll\/#organization"},"potentialAction":[{"@type":"SearchAction","target":{"@type":"EntryPoint","urlTemplate":"https:\/\/www.lebenshilfe-leoben.at\/ll\/?s={search_term_string}"},"query-input":{"@type":"PropertyValueSpecification","valueRequired":true,"valueName":"search_term_string"}}],"inLanguage":"de-ll"},{"@type":"Organization","@id":"https:\/\/www.lebenshilfe-leoben.at\/ll\/#organization","name":"Lebenshilfe Leoben","url":"https:\/\/www.lebenshilfe-leoben.at\/ll\/","logo":{"@type":"ImageObject","inLanguage":"de-ll","@id":"https:\/\/www.lebenshilfe-leoben.at\/ll\/#\/schema\/logo\/image\/","url":"https:\/\/www.lebenshilfe-leoben.at\/wp-content\/uploads\/2025\/04\/logo_lebenshilfe-leoben.svg","contentUrl":"https:\/\/www.lebenshilfe-leoben.at\/wp-content\/uploads\/2025\/04\/logo_lebenshilfe-leoben.svg","width":308,"height":80,"caption":"Lebenshilfe Leoben"},"image":{"@id":"https:\/\/www.lebenshilfe-leoben.at\/ll\/#\/schema\/logo\/image\/"},"sameAs":["https:\/\/www.facebook.com\/lebenshilfeleoben\/","https:\/\/www.instagram.com\/lebenshilfeleoben\/"]}]}},"_links":{"self":[{"href":"https:\/\/www.lebenshilfe-leoben.at\/ll\/wp-json\/wp\/v2\/pages\/1542","targetHints":{"allow":["GET"]}}],"collection":[{"href":"https:\/\/www.lebenshilfe-leoben.at\/ll\/wp-json\/wp\/v2\/pages"}],"about":[{"href":"https:\/\/www.lebenshilfe-leoben.at\/ll\/wp-json\/wp\/v2\/types\/page"}],"author":[{"embeddable":true,"href":"https:\/\/www.lebenshilfe-leoben.at\/ll\/wp-json\/wp\/v2\/users\/1"}],"replies":[{"embeddable":true,"href":"https:\/\/www.lebenshilfe-leoben.at\/ll\/wp-json\/wp\/v2\/comments?post=1542"}],"version-history":[{"count":0,"href":"https:\/\/www.lebenshilfe-leoben.at\/ll\/wp-json\/wp\/v2\/pages\/1542\/revisions"}],"wp:attachment":[{"href":"https:\/\/www.lebenshilfe-leoben.at\/ll\/wp-json\/wp\/v2\/media?parent=1542"}],"curies":[{"name":"wp","href":"https:\/\/api.w.org\/{rel}","templated":true}]}}