{"id":1558,"date":"2025-04-11T12:29:24","date_gmt":"2025-04-11T10:29:24","guid":{"rendered":"https:\/\/www.lebenshilfe-leoben.at\/spenden\/"},"modified":"2025-08-27T14:56:00","modified_gmt":"2025-08-27T12:56:00","slug":"spenden","status":"publish","type":"page","link":"https:\/\/www.lebenshilfe-leoben.at\/ll\/spenden\/","title":{"rendered":"Spenden"},"content":{"rendered":"\t\t<div data-elementor-type=\"wp-page\" data-elementor-id=\"1558\" class=\"elementor elementor-1558 elementor-686\" data-elementor-post-type=\"page\">\n\t\t\t\t<div class=\"elementor-element elementor-element-975f569 e-flex e-con-boxed e-con e-parent\" data-id=\"975f569\" data-element_type=\"container\" data-e-type=\"container\">\n\t\t\t\t\t<div class=\"e-con-inner\">\n\t\t<div class=\"elementor-element elementor-element-d37ea89 e-con-full e-flex e-con e-child\" data-id=\"d37ea89\" data-element_type=\"container\" data-e-type=\"container\">\n\t\t\t\t<div class=\"elementor-element elementor-element-21894ac elementor-widget elementor-widget-image\" data-id=\"21894ac\" data-element_type=\"widget\" data-e-type=\"widget\" data-widget_type=\"image.default\">\n\t\t\t\t<div class=\"elementor-widget-container\">\n\t\t\t\t\t\t\t\t\t\t\t\t\t\t\t<img fetchpriority=\"high\" decoding=\"async\" width=\"1080\" height=\"1080\" src=\"https:\/\/www.lebenshilfe-leoben.at\/wp-content\/uploads\/2025\/07\/lhleoben_spenden_main.webp\" class=\"attachment-full size-full wp-image-1410\" alt=\"Spenden sammeln\" \/>\t\t\t\t\t\t\t\t\t\t\t\t\t\t\t<\/div>\n\t\t\t\t<\/div>\n\t\t\t\t<\/div>\n\t\t<div class=\"elementor-element elementor-element-c3107c6 e-con-full e-flex e-con e-child\" data-id=\"c3107c6\" data-element_type=\"container\" data-e-type=\"container\">\n\t\t\t\t<div class=\"elementor-element elementor-element-80f90cc elementor-widget elementor-widget-heading\" data-id=\"80f90cc\" data-element_type=\"widget\" data-e-type=\"widget\" data-widget_type=\"heading.default\">\n\t\t\t\t<div class=\"elementor-widget-container\">\n\t\t\t\t\t<h1 class=\"elementor-heading-title elementor-size-default\">Spenden &amp; Mitgliedschaft<\/h1>\t\t\t\t<\/div>\n\t\t\t\t<\/div>\n\t\t\t\t<div class=\"elementor-element elementor-element-6ea1c05 elementor-widget__width-initial elementor-widget-tablet__width-inherit elementor-widget elementor-widget-heading\" data-id=\"6ea1c05\" data-element_type=\"widget\" data-e-type=\"widget\" data-widget_type=\"heading.default\">\n\t\t\t\t<div class=\"elementor-widget-container\">\n\t\t\t\t\t<h2 class=\"elementor-heading-title elementor-size-default\">F\u00fcr eine inklusive Gesellschaft.\nSeit 1986.<\/h2>\t\t\t\t<\/div>\n\t\t\t\t<\/div>\n\t\t\t\t<div class=\"elementor-element elementor-element-173933f elementor-widget elementor-widget-text-editor\" data-id=\"173933f\" data-element_type=\"widget\" data-e-type=\"widget\" data-widget_type=\"text-editor.default\">\n\t\t\t\t<div class=\"elementor-widget-container\">\n\t\t\t\t\t\t\t\t\t<div class=\"itemIntroText\"><p>Die Lebenshilfe ist ein gemeinn\u00fctziges Unternehmen.<br>Das bedeutet: Wir arbeiten nicht, um Gewinn zu machen.<br>Wir wollen, dass Menschen mit Behinderung selbst bestimmen k\u00f6nnen, gleiche Chancen haben und \u00fcberall dabei sind. <\/p><\/div>\t\t\t\t\t\t\t\t<\/div>\n\t\t\t\t<\/div>\n\t\t\t\t<\/div>\n\t\t\t\t\t<\/div>\n\t\t\t\t<\/div>\n\t\t<div class=\"elementor-element elementor-element-5a9d680 e-flex e-con-boxed e-con e-parent\" data-id=\"5a9d680\" data-element_type=\"container\" data-e-type=\"container\">\n\t\t\t\t\t<div class=\"e-con-inner\">\n\t\t<div class=\"elementor-element elementor-element-47793f8 e-con-full e-flex e-con e-child\" data-id=\"47793f8\" data-element_type=\"container\" data-e-type=\"container\">\n\t\t\t\t<div class=\"elementor-element elementor-element-2489b30 elementor-widget-tablet__width-inherit elementor-widget__width-initial elementor-widget elementor-widget-heading\" data-id=\"2489b30\" data-element_type=\"widget\" data-e-type=\"widget\" data-widget_type=\"heading.default\">\n\t\t\t\t<div class=\"elementor-widget-container\">\n\t\t\t\t\t<h5 class=\"elementor-heading-title elementor-size-default\">Unterst\u00fctze uns mit deiner Spende<\/h5>\t\t\t\t<\/div>\n\t\t\t\t<\/div>\n\t\t\t\t<div class=\"elementor-element elementor-element-365ebe5 elementor-widget__width-initial elementor-widget-tablet__width-inherit elementor-widget elementor-widget-text-editor\" data-id=\"365ebe5\" data-element_type=\"widget\" data-e-type=\"widget\" data-widget_type=\"text-editor.default\">\n\t\t\t\t<div class=\"elementor-widget-container\">\n\t\t\t\t\t\t\t\t\t<p>Die Lebenshilfe Leoben setzt sich mit vielen Projekten daf\u00fcr ein, Menschen mit Behinderungen auf ihrem Weg zu mehr Selbstbestimmung, Chancengleichheit und gesellschaftlicher Inklusion zu unterst\u00fctzen. Wenn auch du eines unserer Projekte unterst\u00fctzen m\u00f6chtest, freuen wir uns \u00fcber deine Spende auf folgendes Konto: <\/p><p><strong>Spendenkonto <\/strong><strong> <\/strong><\/p><p>Kontoinhaber: Lebenshilfe Leoben Gemeinn\u00fctzige Betriebs GmbH<br>Bankverbindung: Steierm\u00e4rkische Sparkasse<br>IBAN: AT76 2081 5240 0000 2899<br>BIC: STSPAT2GXXX<\/p><p>Verwendungszweck: Spende, Vorname, Nachname, Geburtsdatum<\/p><p>Damit deine Spende automatisch von der Steuer abgesetzt werden kann, \u00fcbermittelt die Lebenshilfe Leoben \u2013 wie gesetzlich vorgesehen \u2013 deinen Vor- und Nachnamen sowie dein Geburtsdatum unter Ber\u00fccksichtigung des Datenschutzes an das Finanzministerium.<\/p>\t\t\t\t\t\t\t\t<\/div>\n\t\t\t\t<\/div>\n\t\t\t\t<\/div>\n\t\t\t\t\t<\/div>\n\t\t\t\t<\/div>\n\t\t\t\t<\/div>\n\t\t","protected":false},"excerpt":{"rendered":"<p>Spenden &amp; Mitgliedschaft F\u00fcr eine inklusive Gesellschaft. Seit 1986. Die Lebenshilfe ist ein gemeinn\u00fctziges Unternehmen.Das bedeutet: Wir arbeiten nicht, um Gewinn zu machen.Wir wollen, dass Menschen mit Behinderung selbst bestimmen k\u00f6nnen, gleiche Chancen haben und \u00fcberall dabei sind. Unterst\u00fctze uns mit deiner Spende Die Lebenshilfe Leoben setzt sich mit vielen Projekten daf\u00fcr ein, Menschen mit [&hellip;]<\/p>\n","protected":false},"author":1,"featured_media":0,"parent":0,"menu_order":0,"comment_status":"closed","ping_status":"closed","template":"","meta":{"_acf_changed":false,"inline_featured_image":false,"footnotes":""},"class_list":["post-1558","page","type-page","status-publish","hentry"],"acf":[],"yoast_head":"<!-- This site is optimized with the Yoast SEO plugin v27.5 - https:\/\/yoast.com\/product\/yoast-seo-wordpress\/ -->\n<title>Spenden - Lebenshilfe Leoben<\/title>\n<meta name=\"robots\" content=\"index, follow, max-snippet:-1, max-image-preview:large, max-video-preview:-1\" \/>\n<link rel=\"canonical\" href=\"https:\/\/www.lebenshilfe-leoben.at\/ll\/spenden\/\" \/>\n<meta property=\"og:locale\" content=\"de_DE\" \/>\n<meta property=\"og:type\" content=\"article\" \/>\n<meta property=\"og:title\" content=\"Spenden - Lebenshilfe Leoben\" \/>\n<meta property=\"og:description\" content=\"Spenden &amp; Mitgliedschaft F\u00fcr eine inklusive Gesellschaft. Seit 1986. Die Lebenshilfe ist ein gemeinn\u00fctziges Unternehmen.Das bedeutet: Wir arbeiten nicht, um Gewinn zu machen.Wir wollen, dass Menschen mit Behinderung selbst bestimmen k\u00f6nnen, gleiche Chancen haben und \u00fcberall dabei sind. Unterst\u00fctze uns mit deiner Spende Die Lebenshilfe Leoben setzt sich mit vielen Projekten daf\u00fcr ein, Menschen mit [&hellip;]\" \/>\n<meta property=\"og:url\" content=\"https:\/\/www.lebenshilfe-leoben.at\/ll\/spenden\/\" \/>\n<meta property=\"og:site_name\" content=\"Lebenshilfe Leoben\" \/>\n<meta property=\"article:publisher\" content=\"https:\/\/www.facebook.com\/lebenshilfeleoben\/\" \/>\n<meta property=\"article:modified_time\" content=\"2025-08-27T12:56:00+00:00\" \/>\n<meta property=\"og:image\" content=\"https:\/\/www.lebenshilfe-leoben.at\/wp-content\/uploads\/2025\/07\/lhleoben_spenden_main.webp\" \/>\n\t<meta property=\"og:image:width\" content=\"1080\" \/>\n\t<meta property=\"og:image:height\" content=\"1080\" \/>\n\t<meta property=\"og:image:type\" content=\"image\/webp\" \/>\n<meta name=\"twitter:card\" content=\"summary_large_image\" \/>\n<meta name=\"twitter:label1\" content=\"Est. reading time\" \/>\n\t<meta name=\"twitter:data1\" content=\"1 minute\" \/>\n<script type=\"application\/ld+json\" class=\"yoast-schema-graph\">{\"@context\":\"https:\\\/\\\/schema.org\",\"@graph\":[{\"@type\":\"WebPage\",\"@id\":\"https:\\\/\\\/www.lebenshilfe-leoben.at\\\/ll\\\/spenden\\\/\",\"url\":\"https:\\\/\\\/www.lebenshilfe-leoben.at\\\/ll\\\/spenden\\\/\",\"name\":\"Spenden - Lebenshilfe Leoben\",\"isPartOf\":{\"@id\":\"https:\\\/\\\/www.lebenshilfe-leoben.at\\\/ll\\\/#website\"},\"primaryImageOfPage\":{\"@id\":\"https:\\\/\\\/www.lebenshilfe-leoben.at\\\/ll\\\/spenden\\\/#primaryimage\"},\"image\":{\"@id\":\"https:\\\/\\\/www.lebenshilfe-leoben.at\\\/ll\\\/spenden\\\/#primaryimage\"},\"thumbnailUrl\":\"https:\\\/\\\/www.lebenshilfe-leoben.at\\\/wp-content\\\/uploads\\\/2025\\\/07\\\/lhleoben_spenden_main.jpg\",\"datePublished\":\"2025-04-11T10:29:24+00:00\",\"dateModified\":\"2025-08-27T12:56:00+00:00\",\"breadcrumb\":{\"@id\":\"https:\\\/\\\/www.lebenshilfe-leoben.at\\\/ll\\\/spenden\\\/#breadcrumb\"},\"inLanguage\":\"de-ll\",\"potentialAction\":[{\"@type\":\"ReadAction\",\"target\":[\"https:\\\/\\\/www.lebenshilfe-leoben.at\\\/ll\\\/spenden\\\/\"]}]},{\"@type\":\"ImageObject\",\"inLanguage\":\"de-ll\",\"@id\":\"https:\\\/\\\/www.lebenshilfe-leoben.at\\\/ll\\\/spenden\\\/#primaryimage\",\"url\":\"https:\\\/\\\/www.lebenshilfe-leoben.at\\\/wp-content\\\/uploads\\\/2025\\\/07\\\/lhleoben_spenden_main.jpg\",\"contentUrl\":\"https:\\\/\\\/www.lebenshilfe-leoben.at\\\/wp-content\\\/uploads\\\/2025\\\/07\\\/lhleoben_spenden_main.jpg\"},{\"@type\":\"BreadcrumbList\",\"@id\":\"https:\\\/\\\/www.lebenshilfe-leoben.at\\\/ll\\\/spenden\\\/#breadcrumb\",\"itemListElement\":[{\"@type\":\"ListItem\",\"position\":1,\"name\":\"Startseite\",\"item\":\"https:\\\/\\\/www.lebenshilfe-leoben.at\\\/ll\\\/home\\\/\"},{\"@type\":\"ListItem\",\"position\":2,\"name\":\"Spenden\"}]},{\"@type\":\"WebSite\",\"@id\":\"https:\\\/\\\/www.lebenshilfe-leoben.at\\\/ll\\\/#website\",\"url\":\"https:\\\/\\\/www.lebenshilfe-leoben.at\\\/ll\\\/\",\"name\":\"Lebenshilfe Leoben\",\"description\":\"\",\"publisher\":{\"@id\":\"https:\\\/\\\/www.lebenshilfe-leoben.at\\\/ll\\\/#organization\"},\"potentialAction\":[{\"@type\":\"SearchAction\",\"target\":{\"@type\":\"EntryPoint\",\"urlTemplate\":\"https:\\\/\\\/www.lebenshilfe-leoben.at\\\/ll\\\/?s={search_term_string}\"},\"query-input\":{\"@type\":\"PropertyValueSpecification\",\"valueRequired\":true,\"valueName\":\"search_term_string\"}}],\"inLanguage\":\"de-ll\"},{\"@type\":\"Organization\",\"@id\":\"https:\\\/\\\/www.lebenshilfe-leoben.at\\\/ll\\\/#organization\",\"name\":\"Lebenshilfe Leoben\",\"url\":\"https:\\\/\\\/www.lebenshilfe-leoben.at\\\/ll\\\/\",\"logo\":{\"@type\":\"ImageObject\",\"inLanguage\":\"de-ll\",\"@id\":\"https:\\\/\\\/www.lebenshilfe-leoben.at\\\/ll\\\/#\\\/schema\\\/logo\\\/image\\\/\",\"url\":\"https:\\\/\\\/www.lebenshilfe-leoben.at\\\/wp-content\\\/uploads\\\/2025\\\/04\\\/logo_lebenshilfe-leoben.svg\",\"contentUrl\":\"https:\\\/\\\/www.lebenshilfe-leoben.at\\\/wp-content\\\/uploads\\\/2025\\\/04\\\/logo_lebenshilfe-leoben.svg\",\"width\":308,\"height\":80,\"caption\":\"Lebenshilfe Leoben\"},\"image\":{\"@id\":\"https:\\\/\\\/www.lebenshilfe-leoben.at\\\/ll\\\/#\\\/schema\\\/logo\\\/image\\\/\"},\"sameAs\":[\"https:\\\/\\\/www.facebook.com\\\/lebenshilfeleoben\\\/\",\"https:\\\/\\\/www.instagram.com\\\/lebenshilfeleoben\\\/\"]}]}<\/script>\n<!-- \/ Yoast SEO plugin. -->","yoast_head_json":{"title":"Spenden - Lebenshilfe Leoben","robots":{"index":"index","follow":"follow","max-snippet":"max-snippet:-1","max-image-preview":"max-image-preview:large","max-video-preview":"max-video-preview:-1"},"canonical":"https:\/\/www.lebenshilfe-leoben.at\/ll\/spenden\/","og_locale":"de_DE","og_type":"article","og_title":"Spenden - Lebenshilfe Leoben","og_description":"Spenden &amp; Mitgliedschaft F\u00fcr eine inklusive Gesellschaft. Seit 1986. Die Lebenshilfe ist ein gemeinn\u00fctziges Unternehmen.Das bedeutet: Wir arbeiten nicht, um Gewinn zu machen.Wir wollen, dass Menschen mit Behinderung selbst bestimmen k\u00f6nnen, gleiche Chancen haben und \u00fcberall dabei sind. Unterst\u00fctze uns mit deiner Spende Die Lebenshilfe Leoben setzt sich mit vielen Projekten daf\u00fcr ein, Menschen mit [&hellip;]","og_url":"https:\/\/www.lebenshilfe-leoben.at\/ll\/spenden\/","og_site_name":"Lebenshilfe Leoben","article_publisher":"https:\/\/www.facebook.com\/lebenshilfeleoben\/","article_modified_time":"2025-08-27T12:56:00+00:00","og_image":[{"width":1080,"height":1080,"url":"https:\/\/www.lebenshilfe-leoben.at\/wp-content\/uploads\/2025\/07\/lhleoben_spenden_main.webp","type":"image\/webp"}],"twitter_card":"summary_large_image","twitter_misc":{"Est. reading time":"1 minute"},"schema":{"@context":"https:\/\/schema.org","@graph":[{"@type":"WebPage","@id":"https:\/\/www.lebenshilfe-leoben.at\/ll\/spenden\/","url":"https:\/\/www.lebenshilfe-leoben.at\/ll\/spenden\/","name":"Spenden - Lebenshilfe Leoben","isPartOf":{"@id":"https:\/\/www.lebenshilfe-leoben.at\/ll\/#website"},"primaryImageOfPage":{"@id":"https:\/\/www.lebenshilfe-leoben.at\/ll\/spenden\/#primaryimage"},"image":{"@id":"https:\/\/www.lebenshilfe-leoben.at\/ll\/spenden\/#primaryimage"},"thumbnailUrl":"https:\/\/www.lebenshilfe-leoben.at\/wp-content\/uploads\/2025\/07\/lhleoben_spenden_main.jpg","datePublished":"2025-04-11T10:29:24+00:00","dateModified":"2025-08-27T12:56:00+00:00","breadcrumb":{"@id":"https:\/\/www.lebenshilfe-leoben.at\/ll\/spenden\/#breadcrumb"},"inLanguage":"de-ll","potentialAction":[{"@type":"ReadAction","target":["https:\/\/www.lebenshilfe-leoben.at\/ll\/spenden\/"]}]},{"@type":"ImageObject","inLanguage":"de-ll","@id":"https:\/\/www.lebenshilfe-leoben.at\/ll\/spenden\/#primaryimage","url":"https:\/\/www.lebenshilfe-leoben.at\/wp-content\/uploads\/2025\/07\/lhleoben_spenden_main.jpg","contentUrl":"https:\/\/www.lebenshilfe-leoben.at\/wp-content\/uploads\/2025\/07\/lhleoben_spenden_main.jpg"},{"@type":"BreadcrumbList","@id":"https:\/\/www.lebenshilfe-leoben.at\/ll\/spenden\/#breadcrumb","itemListElement":[{"@type":"ListItem","position":1,"name":"Startseite","item":"https:\/\/www.lebenshilfe-leoben.at\/ll\/home\/"},{"@type":"ListItem","position":2,"name":"Spenden"}]},{"@type":"WebSite","@id":"https:\/\/www.lebenshilfe-leoben.at\/ll\/#website","url":"https:\/\/www.lebenshilfe-leoben.at\/ll\/","name":"Lebenshilfe Leoben","description":"","publisher":{"@id":"https:\/\/www.lebenshilfe-leoben.at\/ll\/#organization"},"potentialAction":[{"@type":"SearchAction","target":{"@type":"EntryPoint","urlTemplate":"https:\/\/www.lebenshilfe-leoben.at\/ll\/?s={search_term_string}"},"query-input":{"@type":"PropertyValueSpecification","valueRequired":true,"valueName":"search_term_string"}}],"inLanguage":"de-ll"},{"@type":"Organization","@id":"https:\/\/www.lebenshilfe-leoben.at\/ll\/#organization","name":"Lebenshilfe Leoben","url":"https:\/\/www.lebenshilfe-leoben.at\/ll\/","logo":{"@type":"ImageObject","inLanguage":"de-ll","@id":"https:\/\/www.lebenshilfe-leoben.at\/ll\/#\/schema\/logo\/image\/","url":"https:\/\/www.lebenshilfe-leoben.at\/wp-content\/uploads\/2025\/04\/logo_lebenshilfe-leoben.svg","contentUrl":"https:\/\/www.lebenshilfe-leoben.at\/wp-content\/uploads\/2025\/04\/logo_lebenshilfe-leoben.svg","width":308,"height":80,"caption":"Lebenshilfe Leoben"},"image":{"@id":"https:\/\/www.lebenshilfe-leoben.at\/ll\/#\/schema\/logo\/image\/"},"sameAs":["https:\/\/www.facebook.com\/lebenshilfeleoben\/","https:\/\/www.instagram.com\/lebenshilfeleoben\/"]}]}},"_links":{"self":[{"href":"https:\/\/www.lebenshilfe-leoben.at\/ll\/wp-json\/wp\/v2\/pages\/1558","targetHints":{"allow":["GET"]}}],"collection":[{"href":"https:\/\/www.lebenshilfe-leoben.at\/ll\/wp-json\/wp\/v2\/pages"}],"about":[{"href":"https:\/\/www.lebenshilfe-leoben.at\/ll\/wp-json\/wp\/v2\/types\/page"}],"author":[{"embeddable":true,"href":"https:\/\/www.lebenshilfe-leoben.at\/ll\/wp-json\/wp\/v2\/users\/1"}],"replies":[{"embeddable":true,"href":"https:\/\/www.lebenshilfe-leoben.at\/ll\/wp-json\/wp\/v2\/comments?post=1558"}],"version-history":[{"count":0,"href":"https:\/\/www.lebenshilfe-leoben.at\/ll\/wp-json\/wp\/v2\/pages\/1558\/revisions"}],"wp:attachment":[{"href":"https:\/\/www.lebenshilfe-leoben.at\/ll\/wp-json\/wp\/v2\/media?parent=1558"}],"curies":[{"name":"wp","href":"https:\/\/api.w.org\/{rel}","templated":true}]}}