{"id":1564,"date":"2025-04-14T10:28:39","date_gmt":"2025-04-14T08:28:39","guid":{"rendered":"https:\/\/www.lebenshilfe-leoben.at\/rechtsberatung\/"},"modified":"2025-08-27T14:04:22","modified_gmt":"2025-08-27T12:04:22","slug":"rechtsberatung","status":"publish","type":"page","link":"https:\/\/www.lebenshilfe-leoben.at\/ll\/rechtsberatung\/","title":{"rendered":"Rechtsberatung"},"content":{"rendered":"\t\t<div data-elementor-type=\"wp-page\" data-elementor-id=\"1564\" class=\"elementor elementor-1564 elementor-719\" data-elementor-post-type=\"page\">\n\t\t\t\t<div class=\"elementor-element elementor-element-975f569 e-flex e-con-boxed e-con e-parent\" data-id=\"975f569\" data-element_type=\"container\" data-e-type=\"container\">\n\t\t\t\t\t<div class=\"e-con-inner\">\n\t\t<div class=\"elementor-element elementor-element-d37ea89 e-con-full e-flex e-con e-child\" data-id=\"d37ea89\" data-element_type=\"container\" data-e-type=\"container\">\n\t\t\t\t<div class=\"elementor-element elementor-element-21894ac elementor-widget elementor-widget-image\" data-id=\"21894ac\" data-element_type=\"widget\" data-e-type=\"widget\" data-widget_type=\"image.default\">\n\t\t\t\t<div class=\"elementor-widget-container\">\n\t\t\t\t\t\t\t\t\t\t\t\t\t\t\t<img fetchpriority=\"high\" decoding=\"async\" width=\"1080\" height=\"1080\" src=\"https:\/\/www.lebenshilfe-leoben.at\/wp-content\/uploads\/2025\/07\/lhleoben_rechtsberatung_main.webp\" class=\"attachment-full size-full wp-image-1408\" alt=\"Rechtsberatung\" \/>\t\t\t\t\t\t\t\t\t\t\t\t\t\t\t<\/div>\n\t\t\t\t<\/div>\n\t\t\t\t<\/div>\n\t\t<div class=\"elementor-element elementor-element-c3107c6 e-con-full e-flex e-con e-child\" data-id=\"c3107c6\" data-element_type=\"container\" data-e-type=\"container\">\n\t\t\t\t<div class=\"elementor-element elementor-element-80f90cc elementor-widget elementor-widget-heading\" data-id=\"80f90cc\" data-element_type=\"widget\" data-e-type=\"widget\" data-widget_type=\"heading.default\">\n\t\t\t\t<div class=\"elementor-widget-container\">\n\t\t\t\t\t<h1 class=\"elementor-heading-title elementor-size-default\">Rechtsberatung<\/h1>\t\t\t\t<\/div>\n\t\t\t\t<\/div>\n\t\t\t\t<div class=\"elementor-element elementor-element-6ea1c05 elementor-widget__width-initial elementor-widget-tablet__width-inherit elementor-widget elementor-widget-heading\" data-id=\"6ea1c05\" data-element_type=\"widget\" data-e-type=\"widget\" data-widget_type=\"heading.default\">\n\t\t\t\t<div class=\"elementor-widget-container\">\n\t\t\t\t\t<h2 class=\"elementor-heading-title elementor-size-default\">Ihr Ansprechpartner f\u00fcr rechtliche Beratung &amp; Unterst\u00fctzung.<\/h2>\t\t\t\t<\/div>\n\t\t\t\t<\/div>\n\t\t\t\t<div class=\"elementor-element elementor-element-173933f elementor-widget elementor-widget-text-editor\" data-id=\"173933f\" data-element_type=\"widget\" data-e-type=\"widget\" data-widget_type=\"text-editor.default\">\n\t\t\t\t<div class=\"elementor-widget-container\">\n\t\t\t\t\t\t\t\t\t<p>Die Rechtsberatung der Lebenshilfe hilft bei allen Fragen rund um Behinderung.<br>Wenn Sie ein Problem haben oder Rat brauchen, k\u00f6nnen Sie sich jederzeit bei uns melden. <\/p>\t\t\t\t\t\t\t\t<\/div>\n\t\t\t\t<\/div>\n\t\t\t\t<\/div>\n\t\t\t\t\t<\/div>\n\t\t\t\t<\/div>\n\t\t<div class=\"elementor-element elementor-element-5a9d680 e-flex e-con-boxed e-con e-parent\" data-id=\"5a9d680\" data-element_type=\"container\" data-e-type=\"container\">\n\t\t\t\t\t<div class=\"e-con-inner\">\n\t\t<div class=\"elementor-element elementor-element-47793f8 e-con-full e-flex e-con e-child\" data-id=\"47793f8\" data-element_type=\"container\" data-e-type=\"container\">\n\t\t\t\t<div class=\"elementor-element elementor-element-2489b30 elementor-widget-tablet__width-inherit elementor-widget__width-initial elementor-widget elementor-widget-heading\" data-id=\"2489b30\" data-element_type=\"widget\" data-e-type=\"widget\" data-widget_type=\"heading.default\">\n\t\t\t\t<div class=\"elementor-widget-container\">\n\t\t\t\t\t<h5 class=\"elementor-heading-title elementor-size-default\">Beratung rund um das Thema Behinderung<\/h5>\t\t\t\t<\/div>\n\t\t\t\t<\/div>\n\t\t\t\t<div class=\"elementor-element elementor-element-365ebe5 elementor-widget__width-initial elementor-widget-tablet__width-inherit elementor-widget elementor-widget-text-editor\" data-id=\"365ebe5\" data-element_type=\"widget\" data-e-type=\"widget\" data-widget_type=\"text-editor.default\">\n\t\t\t\t<div class=\"elementor-widget-container\">\n\t\t\t\t\t\t\t\t\t<p>Die Lebenshilfe ist die gr\u00f6\u00dfte Organisation f\u00fcr Menschen mit Behinderung in der Steiermark.<br>Wir begleiten \u00fcber 2.500 Menschen mit Behinderung und ihre Familien.<br>Wir sind in allen wichtigen Lebensbereichen f\u00fcr sie da. <\/p><p><strong>Die Rechts-Expertinnen und Experten der Lebenshilfe helfen Menschen mit Behinderung und ihren Familien.<br>Sie sorgen daf\u00fcr, dass sie ihre Rechte bekommen.<\/strong><\/p><p>Die Termine f\u00fcr die <strong>kostenlosen Beratungen bei der Lebenshilfe Leoben mit Frau Mag. Kraschitz<\/strong> geben wir bald bekannt.<\/p><p><strong>Wir bitten um Anmeldung per Email (Mag. Nadja Kalcher, Qualit\u00e4tsmanagement) oder telefonisch unter 03842\/24683-14 bis sp\u00e4testens eine Woche vor dem jeweiligen Termin!<br><\/strong>Telefonische Anmeldung Montag bis Freitag von 8:00 Uhr bis 12:00 Uhr.<\/p>\t\t\t\t\t\t\t\t<\/div>\n\t\t\t\t<\/div>\n\t\t\t\t<\/div>\n\t\t\t\t\t<\/div>\n\t\t\t\t<\/div>\n\t\t<div class=\"elementor-element elementor-element-dc595ef e-flex e-con-boxed e-con e-parent\" data-id=\"dc595ef\" data-element_type=\"container\" data-e-type=\"container\">\n\t\t\t\t\t<div class=\"e-con-inner\">\n\t\t<div class=\"elementor-element elementor-element-69b84be e-con-full e-flex e-con e-child\" data-id=\"69b84be\" data-element_type=\"container\" data-e-type=\"container\">\n\t\t\t\t<div class=\"elementor-element elementor-element-d99a40d elementor-widget-tablet__width-inherit elementor-widget__width-initial elementor-widget elementor-widget-heading\" data-id=\"d99a40d\" data-element_type=\"widget\" data-e-type=\"widget\" data-widget_type=\"heading.default\">\n\t\t\t\t<div class=\"elementor-widget-container\">\n\t\t\t\t\t<h5 class=\"elementor-heading-title elementor-size-default\">Die Rechtsberatung der Lebenshilfe Steiermark<\/h5>\t\t\t\t<\/div>\n\t\t\t\t<\/div>\n\t\t\t\t<div class=\"elementor-element elementor-element-91017a4 elementor-widget__width-initial elementor-widget-tablet__width-inherit elementor-widget elementor-widget-text-editor\" data-id=\"91017a4\" data-element_type=\"widget\" data-e-type=\"widget\" data-widget_type=\"text-editor.default\">\n\t\t\t\t<div class=\"elementor-widget-container\">\n\t\t\t\t\t\t\t\t\t<p class=\"\" data-start=\"193\" data-end=\"347\">Manche Dinge im Leben sind kompliziert \u2013 besonders, wenn es um Antr\u00e4ge, Beh\u00f6rden oder gesetzliche Regelungen geht. Genau dabei stehen wir Ihnen zur Seite. <\/p><p class=\"\" data-start=\"349\" data-end=\"573\">Die Rechtsberatung der Lebenshilfe Steiermark hilft Ihnen bei wichtigen Papieren.<br>Wir erkl\u00e4ren Formulare und Bescheide.<br>Wir zeigen, was Sie tun k\u00f6nnen, wenn etwas nicht richtig ist.<br>Wir helfen Ihnen, Ihre Rechte zu kennen und durchzusetzen. <\/p><p class=\"\" data-start=\"575\" data-end=\"697\">Egal, ob es um Geldleistungen, Pflegegeld, rechtliche Vertretung oder Hilfe im Alltag geht \u2013 wir sind f\u00fcr Sie da.<\/p><p class=\"\" data-start=\"699\" data-end=\"729\"><strong data-start=\"699\" data-end=\"729\">Wir helfen bei Fragen wie:<\/strong><\/p><ul data-start=\"731\" data-end=\"1350\"><li class=\"\" data-start=\"731\" data-end=\"775\"><p class=\"\" data-start=\"733\" data-end=\"775\">Wie komme ich zu meiner Hilfe?<\/p><\/li><li class=\"\" data-start=\"776\" data-end=\"821\"><p class=\"\" data-start=\"778\" data-end=\"821\">Welche Unterst\u00fctzung in Geld oder Sachen gibt es?<\/p><\/li><li class=\"\" data-start=\"822\" data-end=\"869\"><p class=\"\" data-start=\"824\" data-end=\"869\">Wie und wo kann ich sie in Anspruch nehmen?<\/p><\/li><li class=\"\" data-start=\"870\" data-end=\"907\"><p class=\"\" data-start=\"872\" data-end=\"907\">Wieviel muss ich selbst bezahlen?<\/p><\/li><li class=\"\" data-start=\"908\" data-end=\"951\"><p class=\"\" data-start=\"910\" data-end=\"951\">Kann ich die Anbieter selbst aussuchen?<\/p><\/li><li class=\"\" data-start=\"952\" data-end=\"1042\"><p class=\"\" data-start=\"954\" data-end=\"1042\">Was tun, wenn ich mit einer Entscheidung vom Amt nicht einverstanden bin?<\/p><\/li><li class=\"\" data-start=\"1043\" data-end=\"1089\"><p class=\"\" data-start=\"1045\" data-end=\"1089\">Welche finanziellen Sicherheiten gibt es?<\/p><\/li><li class=\"\" data-start=\"1090\" data-end=\"1132\"><p class=\"\" data-start=\"1092\" data-end=\"1132\">Wann habe ich Anspruch auf Pflegegeld?<\/p><\/li><li class=\"\" data-start=\"1133\" data-end=\"1165\"><p class=\"\" data-start=\"1135\" data-end=\"1165\">Brauche ich eine Vertretung?<\/p><\/li><li class=\"\" data-start=\"1166\" data-end=\"1230\"><p class=\"\" data-start=\"1168\" data-end=\"1230\">Was kann ich tun, wenn die Pflegegeldeinstufung nicht passt?<\/p><\/li><li class=\"\" data-start=\"1231\" data-end=\"1308\"><p class=\"\" data-start=\"1233\" data-end=\"1308\">Welche Hilfen gibt es im Alltag und bei der Arbeit?<\/p><\/li><li class=\"\" data-start=\"1309\" data-end=\"1350\"><p class=\"\" data-start=\"1311\" data-end=\"1350\">Was \u00e4ndert sich, wenn ich 18 Jahre alt werde?<\/p><\/li><\/ul>\t\t\t\t\t\t\t\t<\/div>\n\t\t\t\t<\/div>\n\t\t\t\t<\/div>\n\t\t\t\t\t<\/div>\n\t\t\t\t<\/div>\n\t\t\t\t<\/div>\n\t\t","protected":false},"excerpt":{"rendered":"<p>Rechtsberatung Ihr Ansprechpartner f\u00fcr rechtliche Beratung &amp; Unterst\u00fctzung. Die Rechtsberatung der Lebenshilfe hilft bei allen Fragen rund um Behinderung.Wenn Sie ein Problem haben oder Rat brauchen, k\u00f6nnen Sie sich jederzeit bei uns melden. Beratung rund um das Thema Behinderung Die Lebenshilfe ist die gr\u00f6\u00dfte Organisation f\u00fcr Menschen mit Behinderung in der Steiermark.Wir begleiten \u00fcber 2.500 [&hellip;]<\/p>\n","protected":false},"author":1,"featured_media":0,"parent":0,"menu_order":0,"comment_status":"closed","ping_status":"closed","template":"","meta":{"_acf_changed":false,"inline_featured_image":false,"footnotes":""},"class_list":["post-1564","page","type-page","status-publish","hentry"],"acf":[],"yoast_head":"<!-- This site is optimized with the Yoast SEO plugin v27.5 - https:\/\/yoast.com\/product\/yoast-seo-wordpress\/ -->\n<title>Rechtsberatung - Lebenshilfe Leoben<\/title>\n<meta name=\"robots\" content=\"index, follow, max-snippet:-1, max-image-preview:large, max-video-preview:-1\" \/>\n<link rel=\"canonical\" href=\"https:\/\/www.lebenshilfe-leoben.at\/ll\/rechtsberatung\/\" \/>\n<meta property=\"og:locale\" content=\"de_DE\" \/>\n<meta property=\"og:type\" content=\"article\" \/>\n<meta property=\"og:title\" content=\"Rechtsberatung - Lebenshilfe Leoben\" \/>\n<meta property=\"og:description\" content=\"Rechtsberatung Ihr Ansprechpartner f\u00fcr rechtliche Beratung &amp; Unterst\u00fctzung. Die Rechtsberatung der Lebenshilfe hilft bei allen Fragen rund um Behinderung.Wenn Sie ein Problem haben oder Rat brauchen, k\u00f6nnen Sie sich jederzeit bei uns melden. Beratung rund um das Thema Behinderung Die Lebenshilfe ist die gr\u00f6\u00dfte Organisation f\u00fcr Menschen mit Behinderung in der Steiermark.Wir begleiten \u00fcber 2.500 [&hellip;]\" \/>\n<meta property=\"og:url\" content=\"https:\/\/www.lebenshilfe-leoben.at\/ll\/rechtsberatung\/\" \/>\n<meta property=\"og:site_name\" content=\"Lebenshilfe Leoben\" \/>\n<meta property=\"article:publisher\" content=\"https:\/\/www.facebook.com\/lebenshilfeleoben\/\" \/>\n<meta property=\"article:modified_time\" content=\"2025-08-27T12:04:22+00:00\" \/>\n<meta property=\"og:image\" content=\"https:\/\/www.lebenshilfe-leoben.at\/wp-content\/uploads\/2025\/07\/lhleoben_rechtsberatung_main.webp\" \/>\n\t<meta property=\"og:image:width\" content=\"1080\" \/>\n\t<meta property=\"og:image:height\" content=\"1080\" \/>\n\t<meta property=\"og:image:type\" content=\"image\/webp\" \/>\n<meta name=\"twitter:card\" content=\"summary_large_image\" \/>\n<meta name=\"twitter:label1\" content=\"Est. reading time\" \/>\n\t<meta name=\"twitter:data1\" content=\"2 minutes\" \/>\n<script type=\"application\/ld+json\" class=\"yoast-schema-graph\">{\"@context\":\"https:\\\/\\\/schema.org\",\"@graph\":[{\"@type\":\"WebPage\",\"@id\":\"https:\\\/\\\/www.lebenshilfe-leoben.at\\\/ll\\\/rechtsberatung\\\/\",\"url\":\"https:\\\/\\\/www.lebenshilfe-leoben.at\\\/ll\\\/rechtsberatung\\\/\",\"name\":\"Rechtsberatung - Lebenshilfe Leoben\",\"isPartOf\":{\"@id\":\"https:\\\/\\\/www.lebenshilfe-leoben.at\\\/ll\\\/#website\"},\"primaryImageOfPage\":{\"@id\":\"https:\\\/\\\/www.lebenshilfe-leoben.at\\\/ll\\\/rechtsberatung\\\/#primaryimage\"},\"image\":{\"@id\":\"https:\\\/\\\/www.lebenshilfe-leoben.at\\\/ll\\\/rechtsberatung\\\/#primaryimage\"},\"thumbnailUrl\":\"https:\\\/\\\/www.lebenshilfe-leoben.at\\\/wp-content\\\/uploads\\\/2025\\\/07\\\/lhleoben_rechtsberatung_main.jpg\",\"datePublished\":\"2025-04-14T08:28:39+00:00\",\"dateModified\":\"2025-08-27T12:04:22+00:00\",\"breadcrumb\":{\"@id\":\"https:\\\/\\\/www.lebenshilfe-leoben.at\\\/ll\\\/rechtsberatung\\\/#breadcrumb\"},\"inLanguage\":\"de-ll\",\"potentialAction\":[{\"@type\":\"ReadAction\",\"target\":[\"https:\\\/\\\/www.lebenshilfe-leoben.at\\\/ll\\\/rechtsberatung\\\/\"]}]},{\"@type\":\"ImageObject\",\"inLanguage\":\"de-ll\",\"@id\":\"https:\\\/\\\/www.lebenshilfe-leoben.at\\\/ll\\\/rechtsberatung\\\/#primaryimage\",\"url\":\"https:\\\/\\\/www.lebenshilfe-leoben.at\\\/wp-content\\\/uploads\\\/2025\\\/07\\\/lhleoben_rechtsberatung_main.jpg\",\"contentUrl\":\"https:\\\/\\\/www.lebenshilfe-leoben.at\\\/wp-content\\\/uploads\\\/2025\\\/07\\\/lhleoben_rechtsberatung_main.jpg\"},{\"@type\":\"BreadcrumbList\",\"@id\":\"https:\\\/\\\/www.lebenshilfe-leoben.at\\\/ll\\\/rechtsberatung\\\/#breadcrumb\",\"itemListElement\":[{\"@type\":\"ListItem\",\"position\":1,\"name\":\"Startseite\",\"item\":\"https:\\\/\\\/www.lebenshilfe-leoben.at\\\/ll\\\/home\\\/\"},{\"@type\":\"ListItem\",\"position\":2,\"name\":\"Rechtsberatung\"}]},{\"@type\":\"WebSite\",\"@id\":\"https:\\\/\\\/www.lebenshilfe-leoben.at\\\/ll\\\/#website\",\"url\":\"https:\\\/\\\/www.lebenshilfe-leoben.at\\\/ll\\\/\",\"name\":\"Lebenshilfe Leoben\",\"description\":\"\",\"publisher\":{\"@id\":\"https:\\\/\\\/www.lebenshilfe-leoben.at\\\/ll\\\/#organization\"},\"potentialAction\":[{\"@type\":\"SearchAction\",\"target\":{\"@type\":\"EntryPoint\",\"urlTemplate\":\"https:\\\/\\\/www.lebenshilfe-leoben.at\\\/ll\\\/?s={search_term_string}\"},\"query-input\":{\"@type\":\"PropertyValueSpecification\",\"valueRequired\":true,\"valueName\":\"search_term_string\"}}],\"inLanguage\":\"de-ll\"},{\"@type\":\"Organization\",\"@id\":\"https:\\\/\\\/www.lebenshilfe-leoben.at\\\/ll\\\/#organization\",\"name\":\"Lebenshilfe Leoben\",\"url\":\"https:\\\/\\\/www.lebenshilfe-leoben.at\\\/ll\\\/\",\"logo\":{\"@type\":\"ImageObject\",\"inLanguage\":\"de-ll\",\"@id\":\"https:\\\/\\\/www.lebenshilfe-leoben.at\\\/ll\\\/#\\\/schema\\\/logo\\\/image\\\/\",\"url\":\"https:\\\/\\\/www.lebenshilfe-leoben.at\\\/wp-content\\\/uploads\\\/2025\\\/04\\\/logo_lebenshilfe-leoben.svg\",\"contentUrl\":\"https:\\\/\\\/www.lebenshilfe-leoben.at\\\/wp-content\\\/uploads\\\/2025\\\/04\\\/logo_lebenshilfe-leoben.svg\",\"width\":308,\"height\":80,\"caption\":\"Lebenshilfe Leoben\"},\"image\":{\"@id\":\"https:\\\/\\\/www.lebenshilfe-leoben.at\\\/ll\\\/#\\\/schema\\\/logo\\\/image\\\/\"},\"sameAs\":[\"https:\\\/\\\/www.facebook.com\\\/lebenshilfeleoben\\\/\",\"https:\\\/\\\/www.instagram.com\\\/lebenshilfeleoben\\\/\"]}]}<\/script>\n<!-- \/ Yoast SEO plugin. -->","yoast_head_json":{"title":"Rechtsberatung - Lebenshilfe Leoben","robots":{"index":"index","follow":"follow","max-snippet":"max-snippet:-1","max-image-preview":"max-image-preview:large","max-video-preview":"max-video-preview:-1"},"canonical":"https:\/\/www.lebenshilfe-leoben.at\/ll\/rechtsberatung\/","og_locale":"de_DE","og_type":"article","og_title":"Rechtsberatung - Lebenshilfe Leoben","og_description":"Rechtsberatung Ihr Ansprechpartner f\u00fcr rechtliche Beratung &amp; Unterst\u00fctzung. Die Rechtsberatung der Lebenshilfe hilft bei allen Fragen rund um Behinderung.Wenn Sie ein Problem haben oder Rat brauchen, k\u00f6nnen Sie sich jederzeit bei uns melden. Beratung rund um das Thema Behinderung Die Lebenshilfe ist die gr\u00f6\u00dfte Organisation f\u00fcr Menschen mit Behinderung in der Steiermark.Wir begleiten \u00fcber 2.500 [&hellip;]","og_url":"https:\/\/www.lebenshilfe-leoben.at\/ll\/rechtsberatung\/","og_site_name":"Lebenshilfe Leoben","article_publisher":"https:\/\/www.facebook.com\/lebenshilfeleoben\/","article_modified_time":"2025-08-27T12:04:22+00:00","og_image":[{"width":1080,"height":1080,"url":"https:\/\/www.lebenshilfe-leoben.at\/wp-content\/uploads\/2025\/07\/lhleoben_rechtsberatung_main.webp","type":"image\/webp"}],"twitter_card":"summary_large_image","twitter_misc":{"Est. reading time":"2 minutes"},"schema":{"@context":"https:\/\/schema.org","@graph":[{"@type":"WebPage","@id":"https:\/\/www.lebenshilfe-leoben.at\/ll\/rechtsberatung\/","url":"https:\/\/www.lebenshilfe-leoben.at\/ll\/rechtsberatung\/","name":"Rechtsberatung - Lebenshilfe Leoben","isPartOf":{"@id":"https:\/\/www.lebenshilfe-leoben.at\/ll\/#website"},"primaryImageOfPage":{"@id":"https:\/\/www.lebenshilfe-leoben.at\/ll\/rechtsberatung\/#primaryimage"},"image":{"@id":"https:\/\/www.lebenshilfe-leoben.at\/ll\/rechtsberatung\/#primaryimage"},"thumbnailUrl":"https:\/\/www.lebenshilfe-leoben.at\/wp-content\/uploads\/2025\/07\/lhleoben_rechtsberatung_main.jpg","datePublished":"2025-04-14T08:28:39+00:00","dateModified":"2025-08-27T12:04:22+00:00","breadcrumb":{"@id":"https:\/\/www.lebenshilfe-leoben.at\/ll\/rechtsberatung\/#breadcrumb"},"inLanguage":"de-ll","potentialAction":[{"@type":"ReadAction","target":["https:\/\/www.lebenshilfe-leoben.at\/ll\/rechtsberatung\/"]}]},{"@type":"ImageObject","inLanguage":"de-ll","@id":"https:\/\/www.lebenshilfe-leoben.at\/ll\/rechtsberatung\/#primaryimage","url":"https:\/\/www.lebenshilfe-leoben.at\/wp-content\/uploads\/2025\/07\/lhleoben_rechtsberatung_main.jpg","contentUrl":"https:\/\/www.lebenshilfe-leoben.at\/wp-content\/uploads\/2025\/07\/lhleoben_rechtsberatung_main.jpg"},{"@type":"BreadcrumbList","@id":"https:\/\/www.lebenshilfe-leoben.at\/ll\/rechtsberatung\/#breadcrumb","itemListElement":[{"@type":"ListItem","position":1,"name":"Startseite","item":"https:\/\/www.lebenshilfe-leoben.at\/ll\/home\/"},{"@type":"ListItem","position":2,"name":"Rechtsberatung"}]},{"@type":"WebSite","@id":"https:\/\/www.lebenshilfe-leoben.at\/ll\/#website","url":"https:\/\/www.lebenshilfe-leoben.at\/ll\/","name":"Lebenshilfe Leoben","description":"","publisher":{"@id":"https:\/\/www.lebenshilfe-leoben.at\/ll\/#organization"},"potentialAction":[{"@type":"SearchAction","target":{"@type":"EntryPoint","urlTemplate":"https:\/\/www.lebenshilfe-leoben.at\/ll\/?s={search_term_string}"},"query-input":{"@type":"PropertyValueSpecification","valueRequired":true,"valueName":"search_term_string"}}],"inLanguage":"de-ll"},{"@type":"Organization","@id":"https:\/\/www.lebenshilfe-leoben.at\/ll\/#organization","name":"Lebenshilfe Leoben","url":"https:\/\/www.lebenshilfe-leoben.at\/ll\/","logo":{"@type":"ImageObject","inLanguage":"de-ll","@id":"https:\/\/www.lebenshilfe-leoben.at\/ll\/#\/schema\/logo\/image\/","url":"https:\/\/www.lebenshilfe-leoben.at\/wp-content\/uploads\/2025\/04\/logo_lebenshilfe-leoben.svg","contentUrl":"https:\/\/www.lebenshilfe-leoben.at\/wp-content\/uploads\/2025\/04\/logo_lebenshilfe-leoben.svg","width":308,"height":80,"caption":"Lebenshilfe Leoben"},"image":{"@id":"https:\/\/www.lebenshilfe-leoben.at\/ll\/#\/schema\/logo\/image\/"},"sameAs":["https:\/\/www.facebook.com\/lebenshilfeleoben\/","https:\/\/www.instagram.com\/lebenshilfeleoben\/"]}]}},"_links":{"self":[{"href":"https:\/\/www.lebenshilfe-leoben.at\/ll\/wp-json\/wp\/v2\/pages\/1564","targetHints":{"allow":["GET"]}}],"collection":[{"href":"https:\/\/www.lebenshilfe-leoben.at\/ll\/wp-json\/wp\/v2\/pages"}],"about":[{"href":"https:\/\/www.lebenshilfe-leoben.at\/ll\/wp-json\/wp\/v2\/types\/page"}],"author":[{"embeddable":true,"href":"https:\/\/www.lebenshilfe-leoben.at\/ll\/wp-json\/wp\/v2\/users\/1"}],"replies":[{"embeddable":true,"href":"https:\/\/www.lebenshilfe-leoben.at\/ll\/wp-json\/wp\/v2\/comments?post=1564"}],"version-history":[{"count":0,"href":"https:\/\/www.lebenshilfe-leoben.at\/ll\/wp-json\/wp\/v2\/pages\/1564\/revisions"}],"wp:attachment":[{"href":"https:\/\/www.lebenshilfe-leoben.at\/ll\/wp-json\/wp\/v2\/media?parent=1564"}],"curies":[{"name":"wp","href":"https:\/\/api.w.org\/{rel}","templated":true}]}}